{"id":1107,"date":"2022-06-05T14:09:12","date_gmt":"2022-06-05T12:09:12","guid":{"rendered":"https:\/\/www.objectora.sk\/?page_id=1107"},"modified":"2022-06-05T14:09:13","modified_gmt":"2022-06-05T12:09:13","slug":"torso-v-slavici","status":"publish","type":"page","link":"https:\/\/www.objectora.sk\/?page_id=1107","title":{"rendered":"torso. v sl\u00e1vici"},"content":{"rendered":"\n<div style=\"height:180px\" aria-hidden=\"true\" class=\"wp-block-spacer\"><\/div>\n\n\n\n<div class=\"wp-block-image\"><figure class=\"aligncenter size-large is-resized\"><img loading=\"lazy\" src=\"https:\/\/www.objectora.sk\/wp-content\/uploads\/2022\/06\/1-724x1024.jpg\" alt=\"\" class=\"wp-image-1122\" width=\"543\" height=\"768\" srcset=\"https:\/\/www.objectora.sk\/wp-content\/uploads\/2022\/06\/1-724x1024.jpg 724w, https:\/\/www.objectora.sk\/wp-content\/uploads\/2022\/06\/1-212x300.jpg 212w, https:\/\/www.objectora.sk\/wp-content\/uploads\/2022\/06\/1-768x1086.jpg 768w, https:\/\/www.objectora.sk\/wp-content\/uploads\/2022\/06\/1-1086x1536.jpg 1086w, https:\/\/www.objectora.sk\/wp-content\/uploads\/2022\/06\/1-1448x2048.jpg 1448w, https:\/\/www.objectora.sk\/wp-content\/uploads\/2022\/06\/1.jpg 1587w\" sizes=\"(max-width: 543px) 100vw, 543px\" \/><\/figure><\/div>\n\n\n\n<p>Verejn\u00e1 prezent\u00e1cia projektu torso. 24. 6. 2021 &#8211; 8. 7. 2021<\/p>\n\n\n\n<p>sl\u00e1vica, Laurinsk\u00e1 19, Bratislava<\/p>\n\n\n\n<p>Projekt z verejn\u00fdch zdrojov formou \u0161tipendia podporil Fond na podporu umenia<\/p>\n\n\n\n<figure class=\"wp-block-gallery columns-3 is-cropped\"><ul class=\"blocks-gallery-grid\"><li class=\"blocks-gallery-item\"><figure><img loading=\"lazy\" width=\"1024\" height=\"678\" src=\"https:\/\/www.objectora.sk\/wp-content\/uploads\/2022\/06\/DSC_1031-1024x678.jpg\" alt=\"\" data-id=\"1108\" data-full-url=\"https:\/\/www.objectora.sk\/wp-content\/uploads\/2022\/06\/DSC_1031-scaled.jpg\" data-link=\"https:\/\/www.objectora.sk\/?attachment_id=1108#main\" class=\"wp-image-1108\" srcset=\"https:\/\/www.objectora.sk\/wp-content\/uploads\/2022\/06\/DSC_1031-1024x678.jpg 1024w, https:\/\/www.objectora.sk\/wp-content\/uploads\/2022\/06\/DSC_1031-300x199.jpg 300w, https:\/\/www.objectora.sk\/wp-content\/uploads\/2022\/06\/DSC_1031-768x509.jpg 768w, https:\/\/www.objectora.sk\/wp-content\/uploads\/2022\/06\/DSC_1031-1536x1017.jpg 1536w, https:\/\/www.objectora.sk\/wp-content\/uploads\/2022\/06\/DSC_1031-2048x1356.jpg 2048w\" sizes=\"(max-width: 1024px) 100vw, 1024px\" \/><\/figure><\/li><li class=\"blocks-gallery-item\"><figure><img loading=\"lazy\" width=\"1024\" height=\"678\" src=\"https:\/\/www.objectora.sk\/wp-content\/uploads\/2022\/06\/DSC_1035-1024x678.jpg\" alt=\"\" data-id=\"1109\" data-full-url=\"https:\/\/www.objectora.sk\/wp-content\/uploads\/2022\/06\/DSC_1035-scaled.jpg\" data-link=\"https:\/\/www.objectora.sk\/?attachment_id=1109#main\" class=\"wp-image-1109\" srcset=\"https:\/\/www.objectora.sk\/wp-content\/uploads\/2022\/06\/DSC_1035-1024x678.jpg 1024w, https:\/\/www.objectora.sk\/wp-content\/uploads\/2022\/06\/DSC_1035-300x199.jpg 300w, https:\/\/www.objectora.sk\/wp-content\/uploads\/2022\/06\/DSC_1035-768x509.jpg 768w, https:\/\/www.objectora.sk\/wp-content\/uploads\/2022\/06\/DSC_1035-1536x1017.jpg 1536w, https:\/\/www.objectora.sk\/wp-content\/uploads\/2022\/06\/DSC_1035-2048x1356.jpg 2048w\" sizes=\"(max-width: 1024px) 100vw, 1024px\" \/><\/figure><\/li><li class=\"blocks-gallery-item\"><figure><img loading=\"lazy\" width=\"678\" height=\"1024\" src=\"https:\/\/www.objectora.sk\/wp-content\/uploads\/2022\/06\/DSC_1040-678x1024.jpg\" alt=\"\" data-id=\"1110\" data-full-url=\"https:\/\/www.objectora.sk\/wp-content\/uploads\/2022\/06\/DSC_1040-scaled.jpg\" data-link=\"https:\/\/www.objectora.sk\/?attachment_id=1110#main\" class=\"wp-image-1110\" srcset=\"https:\/\/www.objectora.sk\/wp-content\/uploads\/2022\/06\/DSC_1040-678x1024.jpg 678w, https:\/\/www.objectora.sk\/wp-content\/uploads\/2022\/06\/DSC_1040-199x300.jpg 199w, https:\/\/www.objectora.sk\/wp-content\/uploads\/2022\/06\/DSC_1040-768x1160.jpg 768w, https:\/\/www.objectora.sk\/wp-content\/uploads\/2022\/06\/DSC_1040-1017x1536.jpg 1017w, https:\/\/www.objectora.sk\/wp-content\/uploads\/2022\/06\/DSC_1040-1356x2048.jpg 1356w, https:\/\/www.objectora.sk\/wp-content\/uploads\/2022\/06\/DSC_1040-scaled.jpg 1696w\" sizes=\"(max-width: 678px) 100vw, 678px\" \/><\/figure><\/li><li class=\"blocks-gallery-item\"><figure><img loading=\"lazy\" width=\"678\" height=\"1024\" src=\"https:\/\/www.objectora.sk\/wp-content\/uploads\/2022\/06\/DSC_1044-678x1024.jpg\" alt=\"\" data-id=\"1111\" data-full-url=\"https:\/\/www.objectora.sk\/wp-content\/uploads\/2022\/06\/DSC_1044-scaled.jpg\" data-link=\"https:\/\/www.objectora.sk\/?attachment_id=1111#main\" class=\"wp-image-1111\" srcset=\"https:\/\/www.objectora.sk\/wp-content\/uploads\/2022\/06\/DSC_1044-678x1024.jpg 678w, https:\/\/www.objectora.sk\/wp-content\/uploads\/2022\/06\/DSC_1044-199x300.jpg 199w, https:\/\/www.objectora.sk\/wp-content\/uploads\/2022\/06\/DSC_1044-768x1160.jpg 768w, https:\/\/www.objectora.sk\/wp-content\/uploads\/2022\/06\/DSC_1044-1017x1536.jpg 1017w, https:\/\/www.objectora.sk\/wp-content\/uploads\/2022\/06\/DSC_1044-1356x2048.jpg 1356w, https:\/\/www.objectora.sk\/wp-content\/uploads\/2022\/06\/DSC_1044-scaled.jpg 1696w\" sizes=\"(max-width: 678px) 100vw, 678px\" \/><\/figure><\/li><li class=\"blocks-gallery-item\"><figure><img loading=\"lazy\" width=\"678\" height=\"1024\" src=\"https:\/\/www.objectora.sk\/wp-content\/uploads\/2022\/06\/DSC_1048-678x1024.jpg\" alt=\"\" data-id=\"1112\" data-full-url=\"https:\/\/www.objectora.sk\/wp-content\/uploads\/2022\/06\/DSC_1048-scaled.jpg\" data-link=\"https:\/\/www.objectora.sk\/?attachment_id=1112#main\" class=\"wp-image-1112\" srcset=\"https:\/\/www.objectora.sk\/wp-content\/uploads\/2022\/06\/DSC_1048-678x1024.jpg 678w, https:\/\/www.objectora.sk\/wp-content\/uploads\/2022\/06\/DSC_1048-199x300.jpg 199w, https:\/\/www.objectora.sk\/wp-content\/uploads\/2022\/06\/DSC_1048-768x1160.jpg 768w, https:\/\/www.objectora.sk\/wp-content\/uploads\/2022\/06\/DSC_1048-1017x1536.jpg 1017w, https:\/\/www.objectora.sk\/wp-content\/uploads\/2022\/06\/DSC_1048-1356x2048.jpg 1356w, https:\/\/www.objectora.sk\/wp-content\/uploads\/2022\/06\/DSC_1048-scaled.jpg 1696w\" sizes=\"(max-width: 678px) 100vw, 678px\" \/><\/figure><\/li><li class=\"blocks-gallery-item\"><figure><img loading=\"lazy\" width=\"1024\" height=\"678\" src=\"https:\/\/www.objectora.sk\/wp-content\/uploads\/2022\/06\/DSC_1051-1024x678.jpg\" alt=\"\" data-id=\"1113\" data-full-url=\"https:\/\/www.objectora.sk\/wp-content\/uploads\/2022\/06\/DSC_1051-scaled.jpg\" data-link=\"https:\/\/www.objectora.sk\/?attachment_id=1113#main\" class=\"wp-image-1113\" srcset=\"https:\/\/www.objectora.sk\/wp-content\/uploads\/2022\/06\/DSC_1051-1024x678.jpg 1024w, https:\/\/www.objectora.sk\/wp-content\/uploads\/2022\/06\/DSC_1051-300x199.jpg 300w, https:\/\/www.objectora.sk\/wp-content\/uploads\/2022\/06\/DSC_1051-768x509.jpg 768w, https:\/\/www.objectora.sk\/wp-content\/uploads\/2022\/06\/DSC_1051-1536x1017.jpg 1536w, https:\/\/www.objectora.sk\/wp-content\/uploads\/2022\/06\/DSC_1051-2048x1356.jpg 2048w\" sizes=\"(max-width: 1024px) 100vw, 1024px\" \/><\/figure><\/li><li class=\"blocks-gallery-item\"><figure><img loading=\"lazy\" width=\"1024\" height=\"678\" src=\"https:\/\/www.objectora.sk\/wp-content\/uploads\/2022\/06\/DSC_1059-1024x678.jpg\" alt=\"\" data-id=\"1115\" data-full-url=\"https:\/\/www.objectora.sk\/wp-content\/uploads\/2022\/06\/DSC_1059-scaled.jpg\" data-link=\"https:\/\/www.objectora.sk\/?attachment_id=1115#main\" class=\"wp-image-1115\" srcset=\"https:\/\/www.objectora.sk\/wp-content\/uploads\/2022\/06\/DSC_1059-1024x678.jpg 1024w, https:\/\/www.objectora.sk\/wp-content\/uploads\/2022\/06\/DSC_1059-300x199.jpg 300w, https:\/\/www.objectora.sk\/wp-content\/uploads\/2022\/06\/DSC_1059-768x509.jpg 768w, https:\/\/www.objectora.sk\/wp-content\/uploads\/2022\/06\/DSC_1059-1536x1017.jpg 1536w, https:\/\/www.objectora.sk\/wp-content\/uploads\/2022\/06\/DSC_1059-2048x1356.jpg 2048w\" sizes=\"(max-width: 1024px) 100vw, 1024px\" \/><\/figure><\/li><li class=\"blocks-gallery-item\"><figure><img loading=\"lazy\" width=\"1024\" height=\"678\" src=\"https:\/\/www.objectora.sk\/wp-content\/uploads\/2022\/06\/DSC_1064-1024x678.jpg\" alt=\"\" data-id=\"1116\" data-full-url=\"https:\/\/www.objectora.sk\/wp-content\/uploads\/2022\/06\/DSC_1064-scaled.jpg\" data-link=\"https:\/\/www.objectora.sk\/?attachment_id=1116#main\" class=\"wp-image-1116\" srcset=\"https:\/\/www.objectora.sk\/wp-content\/uploads\/2022\/06\/DSC_1064-1024x678.jpg 1024w, https:\/\/www.objectora.sk\/wp-content\/uploads\/2022\/06\/DSC_1064-300x199.jpg 300w, https:\/\/www.objectora.sk\/wp-content\/uploads\/2022\/06\/DSC_1064-768x509.jpg 768w, https:\/\/www.objectora.sk\/wp-content\/uploads\/2022\/06\/DSC_1064-1536x1017.jpg 1536w, https:\/\/www.objectora.sk\/wp-content\/uploads\/2022\/06\/DSC_1064-2048x1356.jpg 2048w\" sizes=\"(max-width: 1024px) 100vw, 1024px\" \/><\/figure><\/li><li class=\"blocks-gallery-item\"><figure><img loading=\"lazy\" width=\"1024\" height=\"678\" src=\"https:\/\/www.objectora.sk\/wp-content\/uploads\/2022\/06\/DSC_1067-1024x678.jpg\" alt=\"\" data-id=\"1117\" data-full-url=\"https:\/\/www.objectora.sk\/wp-content\/uploads\/2022\/06\/DSC_1067-scaled.jpg\" data-link=\"https:\/\/www.objectora.sk\/?attachment_id=1117#main\" class=\"wp-image-1117\" srcset=\"https:\/\/www.objectora.sk\/wp-content\/uploads\/2022\/06\/DSC_1067-1024x678.jpg 1024w, https:\/\/www.objectora.sk\/wp-content\/uploads\/2022\/06\/DSC_1067-300x199.jpg 300w, https:\/\/www.objectora.sk\/wp-content\/uploads\/2022\/06\/DSC_1067-768x509.jpg 768w, https:\/\/www.objectora.sk\/wp-content\/uploads\/2022\/06\/DSC_1067-1536x1017.jpg 1536w, https:\/\/www.objectora.sk\/wp-content\/uploads\/2022\/06\/DSC_1067-2048x1356.jpg 2048w\" sizes=\"(max-width: 1024px) 100vw, 1024px\" \/><\/figure><\/li><li class=\"blocks-gallery-item\"><figure><img loading=\"lazy\" width=\"1024\" height=\"678\" src=\"https:\/\/www.objectora.sk\/wp-content\/uploads\/2022\/06\/DSC_1069-1024x678.jpg\" alt=\"\" data-id=\"1118\" data-full-url=\"https:\/\/www.objectora.sk\/wp-content\/uploads\/2022\/06\/DSC_1069-scaled.jpg\" data-link=\"https:\/\/www.objectora.sk\/?attachment_id=1118#main\" class=\"wp-image-1118\" srcset=\"https:\/\/www.objectora.sk\/wp-content\/uploads\/2022\/06\/DSC_1069-1024x678.jpg 1024w, https:\/\/www.objectora.sk\/wp-content\/uploads\/2022\/06\/DSC_1069-300x199.jpg 300w, https:\/\/www.objectora.sk\/wp-content\/uploads\/2022\/06\/DSC_1069-768x509.jpg 768w, https:\/\/www.objectora.sk\/wp-content\/uploads\/2022\/06\/DSC_1069-1536x1017.jpg 1536w, https:\/\/www.objectora.sk\/wp-content\/uploads\/2022\/06\/DSC_1069-2048x1356.jpg 2048w\" sizes=\"(max-width: 1024px) 100vw, 1024px\" \/><\/figure><\/li><li class=\"blocks-gallery-item\"><figure><img loading=\"lazy\" width=\"1024\" height=\"678\" src=\"https:\/\/www.objectora.sk\/wp-content\/uploads\/2022\/06\/DSC_1072-1024x678.jpg\" alt=\"\" data-id=\"1119\" data-full-url=\"https:\/\/www.objectora.sk\/wp-content\/uploads\/2022\/06\/DSC_1072-scaled.jpg\" data-link=\"https:\/\/www.objectora.sk\/?attachment_id=1119#main\" class=\"wp-image-1119\" srcset=\"https:\/\/www.objectora.sk\/wp-content\/uploads\/2022\/06\/DSC_1072-1024x678.jpg 1024w, https:\/\/www.objectora.sk\/wp-content\/uploads\/2022\/06\/DSC_1072-300x199.jpg 300w, https:\/\/www.objectora.sk\/wp-content\/uploads\/2022\/06\/DSC_1072-768x509.jpg 768w, https:\/\/www.objectora.sk\/wp-content\/uploads\/2022\/06\/DSC_1072-1536x1017.jpg 1536w, https:\/\/www.objectora.sk\/wp-content\/uploads\/2022\/06\/DSC_1072-2048x1356.jpg 2048w\" sizes=\"(max-width: 1024px) 100vw, 1024px\" \/><\/figure><\/li><\/ul><\/figure>\n\n\n\n<p><\/p>\n","protected":false},"excerpt":{"rendered":"<p>Verejn\u00e1 prezent\u00e1cia projektu torso. 24. 6. 2021 &#8211; 8. 7. 2021 sl\u00e1vica, Laurinsk\u00e1 19, Bratislava Projekt z verejn\u00fdch zdrojov formou \u0161tipendia podporil Fond na podporu umenia<\/p>\n","protected":false},"author":1,"featured_media":0,"parent":0,"menu_order":0,"comment_status":"closed","ping_status":"closed","template":"","meta":{"_monsterinsights_skip_tracking":false,"_monsterinsights_sitenote_active":false,"_monsterinsights_sitenote_note":"","_monsterinsights_sitenote_category":0},"yoast_head":"<!-- This site is optimized with the Yoast SEO plugin v16.1.1 - https:\/\/yoast.com\/wordpress\/plugins\/seo\/ -->\n<title>torso. v sl\u00e1vici &bull; Objectora Set Design &amp; Objects<\/title>\n<link rel=\"canonical\" href=\"https:\/\/www.objectora.sk\/?page_id=1107\" \/>\n<meta property=\"og:locale\" content=\"sk_SK\" \/>\n<meta property=\"og:type\" content=\"article\" \/>\n<meta property=\"og:title\" content=\"torso. v sl\u00e1vici &bull; Objectora Set Design &amp; Objects\" \/>\n<meta property=\"og:description\" content=\"Verejn\u00e1 prezent\u00e1cia projektu torso. 24. 6. 2021 &#8211; 8. 7. 2021 sl\u00e1vica, Laurinsk\u00e1 19, Bratislava Projekt z verejn\u00fdch zdrojov formou \u0161tipendia podporil Fond na podporu umenia\" \/>\n<meta property=\"og:url\" content=\"https:\/\/www.objectora.sk\/?page_id=1107\" \/>\n<meta property=\"og:site_name\" content=\"Objectora Set Design &amp; Objects\" \/>\n<meta property=\"article:publisher\" content=\"https:\/\/www.facebook.com\/atelierobjectora\/\" \/>\n<meta property=\"article:modified_time\" content=\"2022-06-05T12:09:13+00:00\" \/>\n<meta property=\"og:image\" content=\"https:\/\/www.objectora.sk\/wp-content\/uploads\/2022\/06\/1-724x1024.jpg\" \/>\n<meta name=\"twitter:card\" content=\"summary_large_image\" \/>\n<meta name=\"twitter:label1\" content=\"Predpokladan\u00fd \u010das \u010d\u00edtania\">\n\t<meta name=\"twitter:data1\" content=\"3 min\u00faty\">\n<script type=\"application\/ld+json\" class=\"yoast-schema-graph\">{\"@context\":\"https:\/\/schema.org\",\"@graph\":[{\"@type\":\"Organization\",\"@id\":\"https:\/\/www.objectora.sk\/#organization\",\"name\":\"atelier objectora\",\"url\":\"https:\/\/www.objectora.sk\/\",\"sameAs\":[\"https:\/\/www.facebook.com\/atelierobjectora\/\",\"https:\/\/www.instagram.com\/atelierobjectora\/\"],\"logo\":{\"@type\":\"ImageObject\",\"@id\":\"https:\/\/www.objectora.sk\/#logo\",\"inLanguage\":\"sk-SK\",\"url\":\"https:\/\/www.objectora.sk\/wp-content\/uploads\/2019\/11\/objectora-logo-e1576514487553.png\",\"contentUrl\":\"https:\/\/www.objectora.sk\/wp-content\/uploads\/2019\/11\/objectora-logo-e1576514487553.png\",\"width\":1280,\"height\":905,\"caption\":\"atelier objectora\"},\"image\":{\"@id\":\"https:\/\/www.objectora.sk\/#logo\"}},{\"@type\":\"WebSite\",\"@id\":\"https:\/\/www.objectora.sk\/#website\",\"url\":\"https:\/\/www.objectora.sk\/\",\"name\":\"Atelier Objectora\",\"description\":\"A portfolio of handcrafted set design, props &amp; visual storytelling.\",\"publisher\":{\"@id\":\"https:\/\/www.objectora.sk\/#organization\"},\"potentialAction\":[{\"@type\":\"SearchAction\",\"target\":\"https:\/\/www.objectora.sk\/?s={search_term_string}\",\"query-input\":\"required name=search_term_string\"}],\"inLanguage\":\"sk-SK\"},{\"@type\":\"ImageObject\",\"@id\":\"https:\/\/www.objectora.sk\/?page_id=1107#primaryimage\",\"inLanguage\":\"sk-SK\",\"url\":\"https:\/\/www.objectora.sk\/wp-content\/uploads\/2022\/06\/1.jpg\",\"contentUrl\":\"https:\/\/www.objectora.sk\/wp-content\/uploads\/2022\/06\/1.jpg\",\"width\":1587,\"height\":2245},{\"@type\":\"WebPage\",\"@id\":\"https:\/\/www.objectora.sk\/?page_id=1107#webpage\",\"url\":\"https:\/\/www.objectora.sk\/?page_id=1107\",\"name\":\"torso. v sl\\u00e1vici &bull; Objectora Set Design &amp; Objects\",\"isPartOf\":{\"@id\":\"https:\/\/www.objectora.sk\/#website\"},\"primaryImageOfPage\":{\"@id\":\"https:\/\/www.objectora.sk\/?page_id=1107#primaryimage\"},\"datePublished\":\"2022-06-05T12:09:12+00:00\",\"dateModified\":\"2022-06-05T12:09:13+00:00\",\"breadcrumb\":{\"@id\":\"https:\/\/www.objectora.sk\/?page_id=1107#breadcrumb\"},\"inLanguage\":\"sk-SK\",\"potentialAction\":[{\"@type\":\"ReadAction\",\"target\":[\"https:\/\/www.objectora.sk\/?page_id=1107\"]}]},{\"@type\":\"BreadcrumbList\",\"@id\":\"https:\/\/www.objectora.sk\/?page_id=1107#breadcrumb\",\"itemListElement\":[{\"@type\":\"ListItem\",\"position\":1,\"item\":{\"@type\":\"WebPage\",\"@id\":\"https:\/\/www.objectora.sk\/\",\"url\":\"https:\/\/www.objectora.sk\/\",\"name\":\"Home\"}},{\"@type\":\"ListItem\",\"position\":2,\"item\":{\"@type\":\"WebPage\",\"@id\":\"https:\/\/www.objectora.sk\/?page_id=1107\",\"url\":\"https:\/\/www.objectora.sk\/?page_id=1107\",\"name\":\"torso. v sl\\u00e1vici\"}}]}]}<\/script>\n<!-- \/ Yoast SEO plugin. -->","_links":{"self":[{"href":"https:\/\/www.objectora.sk\/index.php?rest_route=\/wp\/v2\/pages\/1107"}],"collection":[{"href":"https:\/\/www.objectora.sk\/index.php?rest_route=\/wp\/v2\/pages"}],"about":[{"href":"https:\/\/www.objectora.sk\/index.php?rest_route=\/wp\/v2\/types\/page"}],"author":[{"embeddable":true,"href":"https:\/\/www.objectora.sk\/index.php?rest_route=\/wp\/v2\/users\/1"}],"replies":[{"embeddable":true,"href":"https:\/\/www.objectora.sk\/index.php?rest_route=%2Fwp%2Fv2%2Fcomments&post=1107"}],"version-history":[{"count":5,"href":"https:\/\/www.objectora.sk\/index.php?rest_route=\/wp\/v2\/pages\/1107\/revisions"}],"predecessor-version":[{"id":1126,"href":"https:\/\/www.objectora.sk\/index.php?rest_route=\/wp\/v2\/pages\/1107\/revisions\/1126"}],"wp:attachment":[{"href":"https:\/\/www.objectora.sk\/index.php?rest_route=%2Fwp%2Fv2%2Fmedia&parent=1107"}],"curies":[{"name":"wp","href":"https:\/\/api.w.org\/{rel}","templated":true}]}}