{"id":1175,"date":"2022-07-05T14:01:26","date_gmt":"2022-07-05T12:01:26","guid":{"rendered":"https:\/\/www.objectora.sk\/?page_id=1175"},"modified":"2022-07-05T14:01:26","modified_gmt":"2022-07-05T12:01:26","slug":"1175-2","status":"publish","type":"page","link":"https:\/\/www.objectora.sk\/?page_id=1175","title":{"rendered":""},"content":{"rendered":"\n<div style=\"height:137px\" aria-hidden=\"true\" class=\"wp-block-spacer\"><\/div>\n\n\n\n<p>Srde\u010dne poz\u00fdvame na verejn\u00fa prezent\u00e1ciu diel projektu Skryt\u00e9 formy, ktor\u00e1 sa uskuto\u010dn\u00ed v d\u0148och 11. 7. 2022 &#8211; 17. 7. 2022 v priestoroch sl\u00e1vice, na ulici Laurinsk\u00e1 19 v Bratislave<\/p>\n\n\n\n<p>Projekt z verejn\u00fdch zdrojov formou \u0161tipendia podporil Fond na podporu umenia<\/p>\n\n\n\n<figure class=\"wp-block-image size-large\"><img loading=\"lazy\" width=\"724\" height=\"1024\" src=\"https:\/\/www.objectora.sk\/wp-content\/uploads\/2022\/07\/skryte-formy-digitalny-plagat-1-1-724x1024.jpg\" alt=\"\" class=\"wp-image-1176\" srcset=\"https:\/\/www.objectora.sk\/wp-content\/uploads\/2022\/07\/skryte-formy-digitalny-plagat-1-1-724x1024.jpg 724w, https:\/\/www.objectora.sk\/wp-content\/uploads\/2022\/07\/skryte-formy-digitalny-plagat-1-1-212x300.jpg 212w, https:\/\/www.objectora.sk\/wp-content\/uploads\/2022\/07\/skryte-formy-digitalny-plagat-1-1-768x1086.jpg 768w, https:\/\/www.objectora.sk\/wp-content\/uploads\/2022\/07\/skryte-formy-digitalny-plagat-1-1-1086x1536.jpg 1086w, https:\/\/www.objectora.sk\/wp-content\/uploads\/2022\/07\/skryte-formy-digitalny-plagat-1-1-1448x2048.jpg 1448w, https:\/\/www.objectora.sk\/wp-content\/uploads\/2022\/07\/skryte-formy-digitalny-plagat-1-1.jpg 1587w\" sizes=\"(max-width: 724px) 100vw, 724px\" \/><\/figure>\n\n\n\n<div style=\"height:267px\" aria-hidden=\"true\" class=\"wp-block-spacer\"><\/div>\n","protected":false},"excerpt":{"rendered":"<p>Srde\u010dne poz\u00fdvame na verejn\u00fa prezent\u00e1ciu diel projektu Skryt\u00e9 formy, ktor\u00e1 sa uskuto\u010dn\u00ed v d\u0148och 11. 7. 2022 &#8211; 17. 7. 2022 v priestoroch sl\u00e1vice, na ulici Laurinsk\u00e1 19 v Bratislave Projekt z verejn\u00fdch zdrojov formou \u0161tipendia podporil Fond na podporu umenia<\/p>\n","protected":false},"author":1,"featured_media":0,"parent":0,"menu_order":0,"comment_status":"closed","ping_status":"closed","template":"","meta":{"_monsterinsights_skip_tracking":false,"_monsterinsights_sitenote_active":false,"_monsterinsights_sitenote_note":"","_monsterinsights_sitenote_category":0},"yoast_head":"<!-- This site is optimized with the Yoast SEO plugin v16.1.1 - https:\/\/yoast.com\/wordpress\/plugins\/seo\/ -->\n<title>&bull; Objectora Set Design &amp; Objects<\/title>\n<link rel=\"canonical\" href=\"https:\/\/www.objectora.sk\/?page_id=1175\" \/>\n<meta property=\"og:locale\" content=\"sk_SK\" \/>\n<meta property=\"og:type\" content=\"article\" \/>\n<meta property=\"og:title\" content=\"&bull; Objectora Set Design &amp; Objects\" \/>\n<meta property=\"og:description\" content=\"Srde\u010dne poz\u00fdvame na verejn\u00fa prezent\u00e1ciu diel projektu Skryt\u00e9 formy, ktor\u00e1 sa uskuto\u010dn\u00ed v d\u0148och 11. 7. 2022 &#8211; 17. 7. 2022 v priestoroch sl\u00e1vice, na ulici Laurinsk\u00e1 19 v Bratislave Projekt z verejn\u00fdch zdrojov formou \u0161tipendia podporil Fond na podporu umenia\" \/>\n<meta property=\"og:url\" content=\"https:\/\/www.objectora.sk\/?page_id=1175\" \/>\n<meta property=\"og:site_name\" content=\"Objectora Set Design &amp; Objects\" \/>\n<meta property=\"article:publisher\" content=\"https:\/\/www.facebook.com\/atelierobjectora\/\" \/>\n<meta property=\"og:image\" content=\"https:\/\/www.objectora.sk\/wp-content\/uploads\/2022\/07\/skryte-formy-digitalny-plagat-1-1-724x1024.jpg\" \/>\n<meta name=\"twitter:card\" content=\"summary_large_image\" \/>\n<meta name=\"twitter:label1\" content=\"Predpokladan\u00fd \u010das \u010d\u00edtania\">\n\t<meta name=\"twitter:data1\" content=\"1 min\u00fata\">\n<script type=\"application\/ld+json\" class=\"yoast-schema-graph\">{\"@context\":\"https:\/\/schema.org\",\"@graph\":[{\"@type\":\"Organization\",\"@id\":\"https:\/\/www.objectora.sk\/#organization\",\"name\":\"atelier objectora\",\"url\":\"https:\/\/www.objectora.sk\/\",\"sameAs\":[\"https:\/\/www.facebook.com\/atelierobjectora\/\",\"https:\/\/www.instagram.com\/atelierobjectora\/\"],\"logo\":{\"@type\":\"ImageObject\",\"@id\":\"https:\/\/www.objectora.sk\/#logo\",\"inLanguage\":\"sk-SK\",\"url\":\"https:\/\/www.objectora.sk\/wp-content\/uploads\/2019\/11\/objectora-logo-e1576514487553.png\",\"contentUrl\":\"https:\/\/www.objectora.sk\/wp-content\/uploads\/2019\/11\/objectora-logo-e1576514487553.png\",\"width\":1280,\"height\":905,\"caption\":\"atelier objectora\"},\"image\":{\"@id\":\"https:\/\/www.objectora.sk\/#logo\"}},{\"@type\":\"WebSite\",\"@id\":\"https:\/\/www.objectora.sk\/#website\",\"url\":\"https:\/\/www.objectora.sk\/\",\"name\":\"Atelier Objectora\",\"description\":\"A portfolio of handcrafted set design, props &amp; visual storytelling.\",\"publisher\":{\"@id\":\"https:\/\/www.objectora.sk\/#organization\"},\"potentialAction\":[{\"@type\":\"SearchAction\",\"target\":\"https:\/\/www.objectora.sk\/?s={search_term_string}\",\"query-input\":\"required name=search_term_string\"}],\"inLanguage\":\"sk-SK\"},{\"@type\":\"ImageObject\",\"@id\":\"https:\/\/www.objectora.sk\/?page_id=1175#primaryimage\",\"inLanguage\":\"sk-SK\",\"url\":\"https:\/\/www.objectora.sk\/wp-content\/uploads\/2022\/07\/skryte-formy-digitalny-plagat-1-1.jpg\",\"contentUrl\":\"https:\/\/www.objectora.sk\/wp-content\/uploads\/2022\/07\/skryte-formy-digitalny-plagat-1-1.jpg\",\"width\":1587,\"height\":2245},{\"@type\":\"WebPage\",\"@id\":\"https:\/\/www.objectora.sk\/?page_id=1175#webpage\",\"url\":\"https:\/\/www.objectora.sk\/?page_id=1175\",\"name\":\"&bull; Objectora Set Design &amp; Objects\",\"isPartOf\":{\"@id\":\"https:\/\/www.objectora.sk\/#website\"},\"primaryImageOfPage\":{\"@id\":\"https:\/\/www.objectora.sk\/?page_id=1175#primaryimage\"},\"datePublished\":\"2022-07-05T12:01:26+00:00\",\"dateModified\":\"2022-07-05T12:01:26+00:00\",\"breadcrumb\":{\"@id\":\"https:\/\/www.objectora.sk\/?page_id=1175#breadcrumb\"},\"inLanguage\":\"sk-SK\",\"potentialAction\":[{\"@type\":\"ReadAction\",\"target\":[\"https:\/\/www.objectora.sk\/?page_id=1175\"]}]},{\"@type\":\"BreadcrumbList\",\"@id\":\"https:\/\/www.objectora.sk\/?page_id=1175#breadcrumb\",\"itemListElement\":[{\"@type\":\"ListItem\",\"position\":1,\"item\":{\"@type\":\"WebPage\",\"@id\":\"https:\/\/www.objectora.sk\/\",\"url\":\"https:\/\/www.objectora.sk\/\",\"name\":\"Home\"}},{\"@type\":\"ListItem\",\"position\":2,\"item\":{\"@type\":\"WebPage\",\"@id\":\"https:\/\/www.objectora.sk\/?page_id=1175\",\"url\":\"https:\/\/www.objectora.sk\/?page_id=1175\",\"name\":\"&bull; Objectora Set Design &amp; Objects\"}}]}]}<\/script>\n<!-- \/ Yoast SEO plugin. -->","_links":{"self":[{"href":"https:\/\/www.objectora.sk\/index.php?rest_route=\/wp\/v2\/pages\/1175"}],"collection":[{"href":"https:\/\/www.objectora.sk\/index.php?rest_route=\/wp\/v2\/pages"}],"about":[{"href":"https:\/\/www.objectora.sk\/index.php?rest_route=\/wp\/v2\/types\/page"}],"author":[{"embeddable":true,"href":"https:\/\/www.objectora.sk\/index.php?rest_route=\/wp\/v2\/users\/1"}],"replies":[{"embeddable":true,"href":"https:\/\/www.objectora.sk\/index.php?rest_route=%2Fwp%2Fv2%2Fcomments&post=1175"}],"version-history":[{"count":2,"href":"https:\/\/www.objectora.sk\/index.php?rest_route=\/wp\/v2\/pages\/1175\/revisions"}],"predecessor-version":[{"id":1179,"href":"https:\/\/www.objectora.sk\/index.php?rest_route=\/wp\/v2\/pages\/1175\/revisions\/1179"}],"wp:attachment":[{"href":"https:\/\/www.objectora.sk\/index.php?rest_route=%2Fwp%2Fv2%2Fmedia&parent=1175"}],"curies":[{"name":"wp","href":"https:\/\/api.w.org\/{rel}","templated":true}]}}