{"id":1388,"date":"2025-07-05T12:30:32","date_gmt":"2025-07-05T10:30:32","guid":{"rendered":"https:\/\/www.objectora.sk\/?page_id=1388"},"modified":"2026-02-24T23:59:36","modified_gmt":"2026-02-24T22:59:36","slug":"portfolio-2","status":"publish","type":"page","link":"https:\/\/www.objectora.sk\/?page_id=1388","title":{"rendered":"Portfolio"},"content":{"rendered":"\n<div style=\"height:151px\" aria-hidden=\"true\" class=\"wp-block-spacer\"><\/div>\n\n\n\n<div class=\"wp-block-columns\">\n<div class=\"wp-block-column\">\n<h2>Props&amp;Sets ~ Peter <\/h2>\n\n\n\n<figure class=\"wp-block-image size-large\"><a href=\"https:\/\/www.objectora.sk\/?page_id=1401\"><img loading=\"lazy\" width=\"678\" height=\"1024\" src=\"https:\/\/www.objectora.sk\/wp-content\/uploads\/2025\/07\/DSC_1256-678x1024.jpg\" alt=\"\" class=\"wp-image-1389\" srcset=\"https:\/\/www.objectora.sk\/wp-content\/uploads\/2025\/07\/DSC_1256-678x1024.jpg 678w, https:\/\/www.objectora.sk\/wp-content\/uploads\/2025\/07\/DSC_1256-199x300.jpg 199w, https:\/\/www.objectora.sk\/wp-content\/uploads\/2025\/07\/DSC_1256-768x1160.jpg 768w, https:\/\/www.objectora.sk\/wp-content\/uploads\/2025\/07\/DSC_1256-1017x1536.jpg 1017w, https:\/\/www.objectora.sk\/wp-content\/uploads\/2025\/07\/DSC_1256-1356x2048.jpg 1356w, https:\/\/www.objectora.sk\/wp-content\/uploads\/2025\/07\/DSC_1256-scaled.jpg 1696w\" sizes=\"(max-width: 678px) 100vw, 678px\" \/><\/a><\/figure>\n<\/div>\n\n\n\n<div class=\"wp-block-column\">\n<h2>Original artwork ~ Mya<\/h2>\n\n\n\n<figure class=\"wp-block-image size-large\"><a href=\"https:\/\/www.objectora.sk\/?page_id=1185\"><img loading=\"lazy\" width=\"678\" height=\"1024\" src=\"https:\/\/www.objectora.sk\/wp-content\/uploads\/2023\/04\/DSC_0524-678x1024.jpg\" alt=\"\" class=\"wp-image-1355\" srcset=\"https:\/\/www.objectora.sk\/wp-content\/uploads\/2023\/04\/DSC_0524-678x1024.jpg 678w, https:\/\/www.objectora.sk\/wp-content\/uploads\/2023\/04\/DSC_0524-199x300.jpg 199w, https:\/\/www.objectora.sk\/wp-content\/uploads\/2023\/04\/DSC_0524-768x1159.jpg 768w, https:\/\/www.objectora.sk\/wp-content\/uploads\/2023\/04\/DSC_0524-1017x1536.jpg 1017w, https:\/\/www.objectora.sk\/wp-content\/uploads\/2023\/04\/DSC_0524-1357x2048.jpg 1357w, https:\/\/www.objectora.sk\/wp-content\/uploads\/2023\/04\/DSC_0524-scaled.jpg 1696w\" sizes=\"(max-width: 678px) 100vw, 678px\" \/><\/a><\/figure>\n<\/div>\n<\/div>\n\n\n\n<div class=\"wp-block-columns\">\n<div class=\"wp-block-column\"><\/div>\n<\/div>\n\n\n\n<div class=\"wp-block-columns\">\n<div class=\"wp-block-column\">\n<h2>Art Direction<\/h2>\n<\/div>\n\n\n\n<div class=\"wp-block-column\"><\/div>\n<\/div>\n\n\n\n<p><\/p>\n","protected":false},"excerpt":{"rendered":"<p>Props&amp;Sets ~ Peter Original artwork ~ Mya Art Direction<\/p>\n","protected":false},"author":1,"featured_media":0,"parent":0,"menu_order":0,"comment_status":"closed","ping_status":"closed","template":"","meta":{"_monsterinsights_skip_tracking":false,"_monsterinsights_sitenote_active":false,"_monsterinsights_sitenote_note":"","_monsterinsights_sitenote_category":0},"yoast_head":"<!-- This site is optimized with the Yoast SEO plugin v16.1.1 - https:\/\/yoast.com\/wordpress\/plugins\/seo\/ -->\n<title>Portfolio &bull; Objectora Set Design &amp; Objects<\/title>\n<link rel=\"canonical\" href=\"https:\/\/www.objectora.sk\/?page_id=1388\" \/>\n<meta property=\"og:locale\" content=\"sk_SK\" \/>\n<meta property=\"og:type\" content=\"article\" \/>\n<meta property=\"og:title\" content=\"Portfolio &bull; Objectora Set Design &amp; Objects\" \/>\n<meta property=\"og:description\" content=\"Props&amp;Sets ~ Peter Original artwork ~ Mya Art Direction\" \/>\n<meta property=\"og:url\" content=\"https:\/\/www.objectora.sk\/?page_id=1388\" \/>\n<meta property=\"og:site_name\" content=\"Objectora Set Design &amp; Objects\" \/>\n<meta property=\"article:publisher\" content=\"https:\/\/www.facebook.com\/atelierobjectora\/\" \/>\n<meta property=\"article:modified_time\" content=\"2026-02-24T22:59:36+00:00\" \/>\n<meta property=\"og:image\" content=\"https:\/\/www.objectora.sk\/wp-content\/uploads\/2025\/07\/DSC_1256-678x1024.jpg\" \/>\n<meta name=\"twitter:card\" content=\"summary_large_image\" \/>\n<meta name=\"twitter:label1\" content=\"Predpokladan\u00fd \u010das \u010d\u00edtania\">\n\t<meta name=\"twitter:data1\" content=\"1 min\u00fata\">\n<script type=\"application\/ld+json\" class=\"yoast-schema-graph\">{\"@context\":\"https:\/\/schema.org\",\"@graph\":[{\"@type\":\"Organization\",\"@id\":\"https:\/\/www.objectora.sk\/#organization\",\"name\":\"atelier objectora\",\"url\":\"https:\/\/www.objectora.sk\/\",\"sameAs\":[\"https:\/\/www.facebook.com\/atelierobjectora\/\",\"https:\/\/www.instagram.com\/atelierobjectora\/\"],\"logo\":{\"@type\":\"ImageObject\",\"@id\":\"https:\/\/www.objectora.sk\/#logo\",\"inLanguage\":\"sk-SK\",\"url\":\"https:\/\/www.objectora.sk\/wp-content\/uploads\/2019\/11\/objectora-logo-e1576514487553.png\",\"contentUrl\":\"https:\/\/www.objectora.sk\/wp-content\/uploads\/2019\/11\/objectora-logo-e1576514487553.png\",\"width\":1280,\"height\":905,\"caption\":\"atelier objectora\"},\"image\":{\"@id\":\"https:\/\/www.objectora.sk\/#logo\"}},{\"@type\":\"WebSite\",\"@id\":\"https:\/\/www.objectora.sk\/#website\",\"url\":\"https:\/\/www.objectora.sk\/\",\"name\":\"Atelier Objectora\",\"description\":\"A portfolio of handcrafted set design, props &amp; visual storytelling.\",\"publisher\":{\"@id\":\"https:\/\/www.objectora.sk\/#organization\"},\"potentialAction\":[{\"@type\":\"SearchAction\",\"target\":\"https:\/\/www.objectora.sk\/?s={search_term_string}\",\"query-input\":\"required name=search_term_string\"}],\"inLanguage\":\"sk-SK\"},{\"@type\":\"ImageObject\",\"@id\":\"https:\/\/www.objectora.sk\/?page_id=1388#primaryimage\",\"inLanguage\":\"sk-SK\",\"url\":\"https:\/\/www.objectora.sk\/wp-content\/uploads\/2025\/07\/DSC_1256-scaled.jpg\",\"contentUrl\":\"https:\/\/www.objectora.sk\/wp-content\/uploads\/2025\/07\/DSC_1256-scaled.jpg\",\"width\":1696,\"height\":2560},{\"@type\":\"WebPage\",\"@id\":\"https:\/\/www.objectora.sk\/?page_id=1388#webpage\",\"url\":\"https:\/\/www.objectora.sk\/?page_id=1388\",\"name\":\"Portfolio &bull; Objectora Set Design &amp; Objects\",\"isPartOf\":{\"@id\":\"https:\/\/www.objectora.sk\/#website\"},\"primaryImageOfPage\":{\"@id\":\"https:\/\/www.objectora.sk\/?page_id=1388#primaryimage\"},\"datePublished\":\"2025-07-05T10:30:32+00:00\",\"dateModified\":\"2026-02-24T22:59:36+00:00\",\"breadcrumb\":{\"@id\":\"https:\/\/www.objectora.sk\/?page_id=1388#breadcrumb\"},\"inLanguage\":\"sk-SK\",\"potentialAction\":[{\"@type\":\"ReadAction\",\"target\":[\"https:\/\/www.objectora.sk\/?page_id=1388\"]}]},{\"@type\":\"BreadcrumbList\",\"@id\":\"https:\/\/www.objectora.sk\/?page_id=1388#breadcrumb\",\"itemListElement\":[{\"@type\":\"ListItem\",\"position\":1,\"item\":{\"@type\":\"WebPage\",\"@id\":\"https:\/\/www.objectora.sk\/\",\"url\":\"https:\/\/www.objectora.sk\/\",\"name\":\"Home\"}},{\"@type\":\"ListItem\",\"position\":2,\"item\":{\"@type\":\"WebPage\",\"@id\":\"https:\/\/www.objectora.sk\/?page_id=1388\",\"url\":\"https:\/\/www.objectora.sk\/?page_id=1388\",\"name\":\"Portfolio\"}}]}]}<\/script>\n<!-- \/ Yoast SEO plugin. -->","_links":{"self":[{"href":"https:\/\/www.objectora.sk\/index.php?rest_route=\/wp\/v2\/pages\/1388"}],"collection":[{"href":"https:\/\/www.objectora.sk\/index.php?rest_route=\/wp\/v2\/pages"}],"about":[{"href":"https:\/\/www.objectora.sk\/index.php?rest_route=\/wp\/v2\/types\/page"}],"author":[{"embeddable":true,"href":"https:\/\/www.objectora.sk\/index.php?rest_route=\/wp\/v2\/users\/1"}],"replies":[{"embeddable":true,"href":"https:\/\/www.objectora.sk\/index.php?rest_route=%2Fwp%2Fv2%2Fcomments&post=1388"}],"version-history":[{"count":7,"href":"https:\/\/www.objectora.sk\/index.php?rest_route=\/wp\/v2\/pages\/1388\/revisions"}],"predecessor-version":[{"id":1453,"href":"https:\/\/www.objectora.sk\/index.php?rest_route=\/wp\/v2\/pages\/1388\/revisions\/1453"}],"wp:attachment":[{"href":"https:\/\/www.objectora.sk\/index.php?rest_route=%2Fwp%2Fv2%2Fmedia&parent=1388"}],"curies":[{"name":"wp","href":"https:\/\/api.w.org\/{rel}","templated":true}]}}