{"id":2,"date":"2019-11-12T22:19:16","date_gmt":"2019-11-12T21:19:16","guid":{"rendered":"https:\/\/www.objectora.sk\/?page_id=2"},"modified":"2026-02-25T00:19:54","modified_gmt":"2026-02-24T23:19:54","slug":"home","status":"publish","type":"page","link":"https:\/\/www.objectora.sk\/","title":{"rendered":""},"content":{"rendered":"\n<div style=\"height:59px\" aria-hidden=\"true\" class=\"wp-block-spacer\"><\/div>\n\n\n\n<figure class=\"wp-block-gallery columns-3 is-cropped\"><ul class=\"blocks-gallery-grid\"><li class=\"blocks-gallery-item\"><figure><img loading=\"lazy\" width=\"682\" height=\"1024\" src=\"https:\/\/www.objectora.sk\/wp-content\/uploads\/2026\/02\/Pinocchio_Materinky_2018_017.jpg\" alt=\"\" data-id=\"1417\" data-full-url=\"https:\/\/www.objectora.sk\/wp-content\/uploads\/2026\/02\/Pinocchio_Materinky_2018_017.jpg\" data-link=\"https:\/\/www.objectora.sk\/?attachment_id=1417#main\" class=\"wp-image-1417\" srcset=\"https:\/\/www.objectora.sk\/wp-content\/uploads\/2026\/02\/Pinocchio_Materinky_2018_017.jpg 682w, https:\/\/www.objectora.sk\/wp-content\/uploads\/2026\/02\/Pinocchio_Materinky_2018_017-200x300.jpg 200w\" sizes=\"(max-width: 682px) 100vw, 682px\" \/><\/figure><\/li><li class=\"blocks-gallery-item\"><figure><img loading=\"lazy\" width=\"819\" height=\"1024\" src=\"https:\/\/www.objectora.sk\/wp-content\/uploads\/2023\/02\/torso.-photo-by-Lubos-Kotlar-2-1-819x1024.jpg\" alt=\"\" data-id=\"1286\" data-full-url=\"https:\/\/www.objectora.sk\/wp-content\/uploads\/2023\/02\/torso.-photo-by-Lubos-Kotlar-2-1.jpg\" data-link=\"https:\/\/www.objectora.sk\/?attachment_id=1286\" class=\"wp-image-1286\" srcset=\"https:\/\/www.objectora.sk\/wp-content\/uploads\/2023\/02\/torso.-photo-by-Lubos-Kotlar-2-1-819x1024.jpg 819w, https:\/\/www.objectora.sk\/wp-content\/uploads\/2023\/02\/torso.-photo-by-Lubos-Kotlar-2-1-240x300.jpg 240w, https:\/\/www.objectora.sk\/wp-content\/uploads\/2023\/02\/torso.-photo-by-Lubos-Kotlar-2-1-768x961.jpg 768w, https:\/\/www.objectora.sk\/wp-content\/uploads\/2023\/02\/torso.-photo-by-Lubos-Kotlar-2-1.jpg 1080w\" sizes=\"(max-width: 819px) 100vw, 819px\" \/><\/figure><\/li><li class=\"blocks-gallery-item\"><figure><img loading=\"lazy\" width=\"1024\" height=\"678\" src=\"https:\/\/www.objectora.sk\/wp-content\/uploads\/2020\/07\/8-1-1024x678.jpg\" alt=\"\" data-id=\"735\" data-full-url=\"https:\/\/www.objectora.sk\/wp-content\/uploads\/2020\/07\/8-1-scaled.jpg\" data-link=\"https:\/\/www.objectora.sk\/?attachment_id=735\" class=\"wp-image-735\" srcset=\"https:\/\/www.objectora.sk\/wp-content\/uploads\/2020\/07\/8-1-1024x678.jpg 1024w, https:\/\/www.objectora.sk\/wp-content\/uploads\/2020\/07\/8-1-300x199.jpg 300w, https:\/\/www.objectora.sk\/wp-content\/uploads\/2020\/07\/8-1-768x509.jpg 768w, https:\/\/www.objectora.sk\/wp-content\/uploads\/2020\/07\/8-1-1536x1017.jpg 1536w, https:\/\/www.objectora.sk\/wp-content\/uploads\/2020\/07\/8-1-2048x1356.jpg 2048w\" sizes=\"(max-width: 1024px) 100vw, 1024px\" \/><\/figure><\/li><li class=\"blocks-gallery-item\"><figure><img loading=\"lazy\" width=\"1024\" height=\"683\" src=\"https:\/\/www.objectora.sk\/wp-content\/uploads\/2026\/02\/MG_1233__MG_1263.CR2_-1-1024x683.jpg\" alt=\"\" data-id=\"1455\" data-full-url=\"https:\/\/www.objectora.sk\/wp-content\/uploads\/2026\/02\/MG_1233__MG_1263.CR2_-1.jpg\" data-link=\"https:\/\/www.objectora.sk\/?attachment_id=1455#main\" class=\"wp-image-1455\" srcset=\"https:\/\/www.objectora.sk\/wp-content\/uploads\/2026\/02\/MG_1233__MG_1263.CR2_-1-1024x683.jpg 1024w, https:\/\/www.objectora.sk\/wp-content\/uploads\/2026\/02\/MG_1233__MG_1263.CR2_-1-300x200.jpg 300w, https:\/\/www.objectora.sk\/wp-content\/uploads\/2026\/02\/MG_1233__MG_1263.CR2_-1-768x512.jpg 768w, https:\/\/www.objectora.sk\/wp-content\/uploads\/2026\/02\/MG_1233__MG_1263.CR2_-1-1536x1024.jpg 1536w, https:\/\/www.objectora.sk\/wp-content\/uploads\/2026\/02\/MG_1233__MG_1263.CR2_-1.jpg 1920w\" sizes=\"(max-width: 1024px) 100vw, 1024px\" \/><\/figure><\/li><li class=\"blocks-gallery-item\"><figure><img loading=\"lazy\" width=\"1024\" height=\"678\" src=\"https:\/\/www.objectora.sk\/wp-content\/uploads\/2026\/02\/DSC_1263-1024x678.jpg\" alt=\"\" data-id=\"1408\" data-full-url=\"https:\/\/www.objectora.sk\/wp-content\/uploads\/2026\/02\/DSC_1263-scaled.jpg\" data-link=\"https:\/\/www.objectora.sk\/?attachment_id=1408#main\" class=\"wp-image-1408\" srcset=\"https:\/\/www.objectora.sk\/wp-content\/uploads\/2026\/02\/DSC_1263-1024x678.jpg 1024w, https:\/\/www.objectora.sk\/wp-content\/uploads\/2026\/02\/DSC_1263-300x199.jpg 300w, https:\/\/www.objectora.sk\/wp-content\/uploads\/2026\/02\/DSC_1263-768x509.jpg 768w, https:\/\/www.objectora.sk\/wp-content\/uploads\/2026\/02\/DSC_1263-1536x1017.jpg 1536w, https:\/\/www.objectora.sk\/wp-content\/uploads\/2026\/02\/DSC_1263-2048x1356.jpg 2048w\" sizes=\"(max-width: 1024px) 100vw, 1024px\" \/><\/figure><\/li><\/ul><\/figure>\n\n\n\n<hr class=\"wp-block-separator\"\/>\n\n\n\n<div class=\"wp-block-columns\"><\/div>\n\n\n\n<div style=\"height:87px\" aria-hidden=\"true\" class=\"wp-block-spacer\"><\/div>\n\n\n\n<div style=\"height:211px\" aria-hidden=\"true\" class=\"wp-block-spacer\"><\/div>\n","protected":false},"excerpt":{"rendered":"","protected":false},"author":1,"featured_media":0,"parent":0,"menu_order":0,"comment_status":"closed","ping_status":"open","template":"","meta":{"_monsterinsights_skip_tracking":false,"_monsterinsights_sitenote_active":false,"_monsterinsights_sitenote_note":"","_monsterinsights_sitenote_category":0},"yoast_head":"<!-- This site is optimized with the Yoast SEO plugin v16.1.1 - https:\/\/yoast.com\/wordpress\/plugins\/seo\/ -->\n<title>&bull; Objectora Set Design &amp; Objects<\/title>\n<meta name=\"description\" content=\"Wood \u00b0 Brass \u00b0 Ceramics \u00b0 Objects \u00b0\" \/>\n<link rel=\"canonical\" href=\"https:\/\/www.objectora.sk\/\" \/>\n<meta property=\"og:locale\" content=\"sk_SK\" \/>\n<meta property=\"og:type\" content=\"article\" \/>\n<meta property=\"og:title\" content=\"&bull; Objectora Set Design &amp; Objects\" \/>\n<meta property=\"og:description\" content=\"Wood \u00b0 Brass \u00b0 Ceramics \u00b0 Objects \u00b0\" \/>\n<meta property=\"og:url\" content=\"https:\/\/www.objectora.sk\/\" \/>\n<meta property=\"og:site_name\" content=\"Objectora Set Design &amp; Objects\" \/>\n<meta property=\"article:publisher\" content=\"https:\/\/www.facebook.com\/atelierobjectora\/\" \/>\n<meta property=\"article:modified_time\" content=\"2026-02-24T23:19:54+00:00\" \/>\n<meta property=\"og:image\" content=\"https:\/\/www.objectora.sk\/wp-content\/uploads\/2026\/02\/Pinocchio_Materinky_2018_017.jpg\" \/>\n<meta name=\"twitter:card\" content=\"summary_large_image\" \/>\n<meta name=\"twitter:label1\" content=\"Predpokladan\u00fd \u010das \u010d\u00edtania\">\n\t<meta name=\"twitter:data1\" content=\"1 min\u00fata\">\n<script type=\"application\/ld+json\" class=\"yoast-schema-graph\">{\"@context\":\"https:\/\/schema.org\",\"@graph\":[{\"@type\":\"Organization\",\"@id\":\"https:\/\/www.objectora.sk\/#organization\",\"name\":\"atelier objectora\",\"url\":\"https:\/\/www.objectora.sk\/\",\"sameAs\":[\"https:\/\/www.facebook.com\/atelierobjectora\/\",\"https:\/\/www.instagram.com\/atelierobjectora\/\"],\"logo\":{\"@type\":\"ImageObject\",\"@id\":\"https:\/\/www.objectora.sk\/#logo\",\"inLanguage\":\"sk-SK\",\"url\":\"https:\/\/www.objectora.sk\/wp-content\/uploads\/2019\/11\/objectora-logo-e1576514487553.png\",\"contentUrl\":\"https:\/\/www.objectora.sk\/wp-content\/uploads\/2019\/11\/objectora-logo-e1576514487553.png\",\"width\":1280,\"height\":905,\"caption\":\"atelier objectora\"},\"image\":{\"@id\":\"https:\/\/www.objectora.sk\/#logo\"}},{\"@type\":\"WebSite\",\"@id\":\"https:\/\/www.objectora.sk\/#website\",\"url\":\"https:\/\/www.objectora.sk\/\",\"name\":\"Atelier Objectora\",\"description\":\"A portfolio of handcrafted set design, props &amp; visual storytelling.\",\"publisher\":{\"@id\":\"https:\/\/www.objectora.sk\/#organization\"},\"potentialAction\":[{\"@type\":\"SearchAction\",\"target\":\"https:\/\/www.objectora.sk\/?s={search_term_string}\",\"query-input\":\"required name=search_term_string\"}],\"inLanguage\":\"sk-SK\"},{\"@type\":\"ImageObject\",\"@id\":\"https:\/\/www.objectora.sk\/#primaryimage\",\"inLanguage\":\"sk-SK\",\"url\":\"https:\/\/www.objectora.sk\/wp-content\/uploads\/2026\/02\/Pinocchio_Materinky_2018_017.jpg\",\"contentUrl\":\"https:\/\/www.objectora.sk\/wp-content\/uploads\/2026\/02\/Pinocchio_Materinky_2018_017.jpg\",\"width\":682,\"height\":1024},{\"@type\":\"WebPage\",\"@id\":\"https:\/\/www.objectora.sk\/#webpage\",\"url\":\"https:\/\/www.objectora.sk\/\",\"name\":\"&bull; Objectora Set Design &amp; Objects\",\"isPartOf\":{\"@id\":\"https:\/\/www.objectora.sk\/#website\"},\"primaryImageOfPage\":{\"@id\":\"https:\/\/www.objectora.sk\/#primaryimage\"},\"datePublished\":\"2019-11-12T21:19:16+00:00\",\"dateModified\":\"2026-02-24T23:19:54+00:00\",\"description\":\"Wood \\u00b0 Brass \\u00b0 Ceramics \\u00b0 Objects \\u00b0\",\"breadcrumb\":{\"@id\":\"https:\/\/www.objectora.sk\/#breadcrumb\"},\"inLanguage\":\"sk-SK\",\"potentialAction\":[{\"@type\":\"ReadAction\",\"target\":[\"https:\/\/www.objectora.sk\/\"]}]},{\"@type\":\"BreadcrumbList\",\"@id\":\"https:\/\/www.objectora.sk\/#breadcrumb\",\"itemListElement\":[{\"@type\":\"ListItem\",\"position\":1,\"item\":{\"@type\":\"WebPage\",\"@id\":\"https:\/\/www.objectora.sk\/\",\"url\":\"https:\/\/www.objectora.sk\/\",\"name\":\"Home\"}},{\"@type\":\"ListItem\",\"position\":2,\"item\":{\"@type\":\"WebPage\",\"@id\":\"https:\/\/www.objectora.sk\/\",\"url\":\"https:\/\/www.objectora.sk\/\",\"name\":\"&bull; Objectora Set Design &amp; Objects\"}}]}]}<\/script>\n<!-- \/ Yoast SEO plugin. -->","_links":{"self":[{"href":"https:\/\/www.objectora.sk\/index.php?rest_route=\/wp\/v2\/pages\/2"}],"collection":[{"href":"https:\/\/www.objectora.sk\/index.php?rest_route=\/wp\/v2\/pages"}],"about":[{"href":"https:\/\/www.objectora.sk\/index.php?rest_route=\/wp\/v2\/types\/page"}],"author":[{"embeddable":true,"href":"https:\/\/www.objectora.sk\/index.php?rest_route=\/wp\/v2\/users\/1"}],"replies":[{"embeddable":true,"href":"https:\/\/www.objectora.sk\/index.php?rest_route=%2Fwp%2Fv2%2Fcomments&post=2"}],"version-history":[{"count":5,"href":"https:\/\/www.objectora.sk\/index.php?rest_route=\/wp\/v2\/pages\/2\/revisions"}],"predecessor-version":[{"id":1463,"href":"https:\/\/www.objectora.sk\/index.php?rest_route=\/wp\/v2\/pages\/2\/revisions\/1463"}],"wp:attachment":[{"href":"https:\/\/www.objectora.sk\/index.php?rest_route=%2Fwp%2Fv2%2Fmedia&parent=2"}],"curies":[{"name":"wp","href":"https:\/\/api.w.org\/{rel}","templated":true}]}}