{"id":870,"date":"2021-04-07T19:00:35","date_gmt":"2021-04-07T17:00:35","guid":{"rendered":"https:\/\/www.objectora.sk\/?page_id=870"},"modified":"2026-02-25T00:09:36","modified_gmt":"2026-02-24T23:09:36","slug":"diar","status":"publish","type":"page","link":"https:\/\/www.objectora.sk\/?page_id=870","title":{"rendered":"Diary"},"content":{"rendered":"\n<hr class=\"wp-block-separator\"\/>\n\n\n\n<p class=\"has-text-align-center\">In this section you will find all the current information about upcoming exhibitions, workshops or the creative process<\/p>\n\n\n\n<hr class=\"wp-block-separator\"\/>\n\n\n\n<div class=\"wp-block-media-text alignwide is-stacked-on-mobile\"><figure class=\"wp-block-media-text__media\"><a href=\"https:\/\/www.objectora.sk\/?page_id=1175\"><img loading=\"lazy\" width=\"724\" height=\"1024\" src=\"https:\/\/www.objectora.sk\/wp-content\/uploads\/2022\/07\/skryte-formy-digitalny-plagat-1-724x1024.jpg\" alt=\"\" class=\"wp-image-1173 size-full\" srcset=\"https:\/\/www.objectora.sk\/wp-content\/uploads\/2022\/07\/skryte-formy-digitalny-plagat-1-724x1024.jpg 724w, https:\/\/www.objectora.sk\/wp-content\/uploads\/2022\/07\/skryte-formy-digitalny-plagat-1-212x300.jpg 212w, https:\/\/www.objectora.sk\/wp-content\/uploads\/2022\/07\/skryte-formy-digitalny-plagat-1-768x1086.jpg 768w, https:\/\/www.objectora.sk\/wp-content\/uploads\/2022\/07\/skryte-formy-digitalny-plagat-1-1086x1536.jpg 1086w, https:\/\/www.objectora.sk\/wp-content\/uploads\/2022\/07\/skryte-formy-digitalny-plagat-1-1448x2048.jpg 1448w, https:\/\/www.objectora.sk\/wp-content\/uploads\/2022\/07\/skryte-formy-digitalny-plagat-1.jpg 1587w\" sizes=\"(max-width: 724px) 100vw, 724px\" \/><\/a><\/figure><div class=\"wp-block-media-text__content\">\n<p class=\"has-large-font-size\"><a href=\"https:\/\/www.objectora.sk\/?page_id=1175\">Skryt\u00e9 formy exhibition<\/a><\/p>\n<\/div><\/div>\n\n\n\n<div class=\"wp-block-media-text alignwide is-stacked-on-mobile\"><figure class=\"wp-block-media-text__media\"><a href=\"https:\/\/www.objectora.sk\/?page_id=1131\"><img loading=\"lazy\" width=\"1024\" height=\"678\" src=\"https:\/\/www.objectora.sk\/wp-content\/uploads\/2022\/06\/DSC_0234-1-1024x678.jpg\" alt=\"\" class=\"wp-image-1145 size-full\" srcset=\"https:\/\/www.objectora.sk\/wp-content\/uploads\/2022\/06\/DSC_0234-1-1024x678.jpg 1024w, https:\/\/www.objectora.sk\/wp-content\/uploads\/2022\/06\/DSC_0234-1-300x199.jpg 300w, https:\/\/www.objectora.sk\/wp-content\/uploads\/2022\/06\/DSC_0234-1-768x509.jpg 768w, https:\/\/www.objectora.sk\/wp-content\/uploads\/2022\/06\/DSC_0234-1-1536x1017.jpg 1536w, https:\/\/www.objectora.sk\/wp-content\/uploads\/2022\/06\/DSC_0234-1-2048x1356.jpg 2048w\" sizes=\"(max-width: 1024px) 100vw, 1024px\" \/><\/a><\/figure><div class=\"wp-block-media-text__content\">\n<p class=\"has-large-font-size\"><a href=\"https:\/\/www.objectora.sk\/?page_id=1131\">Making of Skryt\u00e9 formy <\/a><\/p>\n<\/div><\/div>\n\n\n\n<div class=\"wp-block-media-text alignwide is-stacked-on-mobile\"><figure class=\"wp-block-media-text__media\"><a href=\"https:\/\/www.objectora.sk\/?page_id=1096\"><img loading=\"lazy\" width=\"731\" height=\"1024\" src=\"https:\/\/www.objectora.sk\/wp-content\/uploads\/2022\/03\/titulka-731x1024.jpg\" alt=\"\" class=\"wp-image-1095 size-full\" srcset=\"https:\/\/www.objectora.sk\/wp-content\/uploads\/2022\/03\/titulka-731x1024.jpg 731w, https:\/\/www.objectora.sk\/wp-content\/uploads\/2022\/03\/titulka-214x300.jpg 214w, https:\/\/www.objectora.sk\/wp-content\/uploads\/2022\/03\/titulka-768x1075.jpg 768w, https:\/\/www.objectora.sk\/wp-content\/uploads\/2022\/03\/titulka-1097x1536.jpg 1097w, https:\/\/www.objectora.sk\/wp-content\/uploads\/2022\/03\/titulka-1463x2048.jpg 1463w, https:\/\/www.objectora.sk\/wp-content\/uploads\/2022\/03\/titulka.jpg 1500w\" sizes=\"(max-width: 731px) 100vw, 731px\" \/><\/a><\/figure><div class=\"wp-block-media-text__content\">\n<p class=\"has-large-font-size\">Making of <\/p>\n\n\n\n<p class=\"has-large-font-size\"><a href=\"https:\/\/www.objectora.sk\/?page_id=1096\">Skryt\u00e9 formy<\/a><\/p>\n<\/div><\/div>\n\n\n\n<div class=\"wp-block-media-text alignwide is-stacked-on-mobile\"><figure class=\"wp-block-media-text__media\"><a href=\"https:\/\/www.objectora.sk\/?page_id=1107\"><img loading=\"lazy\" width=\"724\" height=\"1024\" src=\"https:\/\/www.objectora.sk\/wp-content\/uploads\/2022\/06\/1-1-724x1024.jpg\" alt=\"\" class=\"wp-image-1128 size-full\" srcset=\"https:\/\/www.objectora.sk\/wp-content\/uploads\/2022\/06\/1-1-724x1024.jpg 724w, https:\/\/www.objectora.sk\/wp-content\/uploads\/2022\/06\/1-1-212x300.jpg 212w, https:\/\/www.objectora.sk\/wp-content\/uploads\/2022\/06\/1-1-768x1086.jpg 768w, https:\/\/www.objectora.sk\/wp-content\/uploads\/2022\/06\/1-1-1086x1536.jpg 1086w, https:\/\/www.objectora.sk\/wp-content\/uploads\/2022\/06\/1-1-1448x2048.jpg 1448w, https:\/\/www.objectora.sk\/wp-content\/uploads\/2022\/06\/1-1.jpg 1587w\" sizes=\"(max-width: 724px) 100vw, 724px\" \/><\/a><\/figure><div class=\"wp-block-media-text__content\">\n<p class=\"has-large-font-size\"><a href=\"https:\/\/www.objectora.sk\/?page_id=1107\">torso. exhibition<\/a><\/p>\n<\/div><\/div>\n\n\n\n<div class=\"wp-block-media-text alignwide is-stacked-on-mobile\"><figure class=\"wp-block-media-text__media\"><a href=\"https:\/\/www.objectora.sk\/?page_id=898\"><img loading=\"lazy\" width=\"1024\" height=\"724\" src=\"https:\/\/www.objectora.sk\/wp-content\/uploads\/2021\/04\/15-1-1024x724.jpg\" alt=\"\" class=\"wp-image-908 size-full\" srcset=\"https:\/\/www.objectora.sk\/wp-content\/uploads\/2021\/04\/15-1-1024x724.jpg 1024w, https:\/\/www.objectora.sk\/wp-content\/uploads\/2021\/04\/15-1-300x212.jpg 300w, https:\/\/www.objectora.sk\/wp-content\/uploads\/2021\/04\/15-1-768x543.jpg 768w, https:\/\/www.objectora.sk\/wp-content\/uploads\/2021\/04\/15-1-1536x1086.jpg 1536w, https:\/\/www.objectora.sk\/wp-content\/uploads\/2021\/04\/15-1.jpg 2000w\" sizes=\"(max-width: 1024px) 100vw, 1024px\" \/><\/a><\/figure><div class=\"wp-block-media-text__content\">\n<p class=\"has-large-font-size\"><a href=\"https:\/\/www.objectora.sk\/?page_id=898\">Making of torso.<\/a><\/p>\n\n\n\n<p>part 3. proces<\/p>\n<\/div><\/div>\n\n\n\n<div class=\"wp-block-media-text alignwide is-stacked-on-mobile\"><figure class=\"wp-block-media-text__media\"><a href=\"https:\/\/www.objectora.sk\/?page_id=890\"><img loading=\"lazy\" width=\"1024\" height=\"678\" src=\"https:\/\/www.objectora.sk\/wp-content\/uploads\/2021\/04\/DSC_0148-1024x678.jpg\" alt=\"\" class=\"wp-image-895 size-full\" srcset=\"https:\/\/www.objectora.sk\/wp-content\/uploads\/2021\/04\/DSC_0148-1024x678.jpg 1024w, https:\/\/www.objectora.sk\/wp-content\/uploads\/2021\/04\/DSC_0148-300x199.jpg 300w, https:\/\/www.objectora.sk\/wp-content\/uploads\/2021\/04\/DSC_0148-768x509.jpg 768w, https:\/\/www.objectora.sk\/wp-content\/uploads\/2021\/04\/DSC_0148-1536x1017.jpg 1536w, https:\/\/www.objectora.sk\/wp-content\/uploads\/2021\/04\/DSC_0148-2048x1356.jpg 2048w\" sizes=\"(max-width: 1024px) 100vw, 1024px\" \/><\/a><\/figure><div class=\"wp-block-media-text__content\">\n<p class=\"has-large-font-size\"><a href=\"https:\/\/www.objectora.sk\/?page_id=890\">Atelier Objectora on BADW 2020<\/a><\/p>\n<\/div><\/div>\n\n\n\n<div class=\"wp-block-media-text alignwide is-stacked-on-mobile\"><figure class=\"wp-block-media-text__media\"><a href=\"https:\/\/www.objectora.sk\/?page_id=927\"><img loading=\"lazy\" width=\"1024\" height=\"724\" src=\"https:\/\/www.objectora.sk\/wp-content\/uploads\/2021\/04\/16a-1-1024x724.jpg\" alt=\"\" class=\"wp-image-949 size-full\" srcset=\"https:\/\/www.objectora.sk\/wp-content\/uploads\/2021\/04\/16a-1-1024x724.jpg 1024w, https:\/\/www.objectora.sk\/wp-content\/uploads\/2021\/04\/16a-1-300x212.jpg 300w, https:\/\/www.objectora.sk\/wp-content\/uploads\/2021\/04\/16a-1-768x543.jpg 768w, https:\/\/www.objectora.sk\/wp-content\/uploads\/2021\/04\/16a-1-1536x1086.jpg 1536w, https:\/\/www.objectora.sk\/wp-content\/uploads\/2021\/04\/16a-1.jpg 2000w\" sizes=\"(max-width: 1024px) 100vw, 1024px\" \/><\/a><\/figure><div class=\"wp-block-media-text__content\">\n<p class=\"has-large-font-size\"><a href=\"https:\/\/www.objectora.sk\/?page_id=927\">Making of torso.<\/a><\/p>\n\n\n\n<p>part 2. skice a n\u00e1vrhy<\/p>\n<\/div><\/div>\n\n\n\n<div class=\"wp-block-media-text alignwide is-stacked-on-mobile\"><figure class=\"wp-block-media-text__media\"><a href=\"https:\/\/www.objectora.sk\/?page_id=881\"><img loading=\"lazy\" width=\"1024\" height=\"678\" src=\"https:\/\/www.objectora.sk\/wp-content\/uploads\/2021\/04\/DSC_0646-1024x678.jpg\" alt=\"\" class=\"wp-image-886 size-full\" srcset=\"https:\/\/www.objectora.sk\/wp-content\/uploads\/2021\/04\/DSC_0646-1024x678.jpg 1024w, https:\/\/www.objectora.sk\/wp-content\/uploads\/2021\/04\/DSC_0646-300x199.jpg 300w, https:\/\/www.objectora.sk\/wp-content\/uploads\/2021\/04\/DSC_0646-768x509.jpg 768w, https:\/\/www.objectora.sk\/wp-content\/uploads\/2021\/04\/DSC_0646-1536x1017.jpg 1536w, https:\/\/www.objectora.sk\/wp-content\/uploads\/2021\/04\/DSC_0646-2048x1357.jpg 2048w\" sizes=\"(max-width: 1024px) 100vw, 1024px\" \/><\/a><\/figure><div class=\"wp-block-media-text__content\">\n<p class=\"has-large-font-size\"><a href=\"https:\/\/www.objectora.sk\/?page_id=881\">Workshop<\/a><\/p>\n<\/div><\/div>\n\n\n\n<div class=\"wp-block-media-text alignwide is-stacked-on-mobile\"><figure class=\"wp-block-media-text__media\"><a href=\"https:\/\/www.objectora.sk\/?page_id=846\"><img loading=\"lazy\" width=\"1024\" height=\"724\" src=\"https:\/\/www.objectora.sk\/wp-content\/uploads\/2021\/04\/1-2-1024x724.jpg\" alt=\"\" class=\"wp-image-874 size-full\" srcset=\"https:\/\/www.objectora.sk\/wp-content\/uploads\/2021\/04\/1-2-1024x724.jpg 1024w, https:\/\/www.objectora.sk\/wp-content\/uploads\/2021\/04\/1-2-300x212.jpg 300w, https:\/\/www.objectora.sk\/wp-content\/uploads\/2021\/04\/1-2-768x543.jpg 768w, https:\/\/www.objectora.sk\/wp-content\/uploads\/2021\/04\/1-2-1536x1086.jpg 1536w, https:\/\/www.objectora.sk\/wp-content\/uploads\/2021\/04\/1-2.jpg 2000w\" sizes=\"(max-width: 1024px) 100vw, 1024px\" \/><\/a><\/figure><div class=\"wp-block-media-text__content\">\n<p class=\"has-large-font-size\"><a href=\"https:\/\/www.objectora.sk\/?page_id=846\">Making of torso.<\/a><\/p>\n\n\n\n<p>part 1.  pr\u00edbehy<\/p>\n<\/div><\/div>\n","protected":false},"excerpt":{"rendered":"<p>In this section you will find all the current information about upcoming exhibitions, workshops or the creative process Skryt\u00e9 formy exhibition Making of Skryt\u00e9 formy Making of Skryt\u00e9 formy torso. exhibition Making of torso. part 3. proces Atelier Objectora on BADW 2020 Making of torso. part 2. skice a n\u00e1vrhy Workshop Making of torso. part &#8230; <a title=\"Diary\" class=\"read-more\" href=\"https:\/\/www.objectora.sk\/?page_id=870\">Read more<span class=\"screen-reader-text\">Diary<\/span><\/a><\/p>\n","protected":false},"author":1,"featured_media":0,"parent":0,"menu_order":0,"comment_status":"closed","ping_status":"closed","template":"","meta":{"_monsterinsights_skip_tracking":false,"_monsterinsights_sitenote_active":false,"_monsterinsights_sitenote_note":"","_monsterinsights_sitenote_category":0},"yoast_head":"<!-- This site is optimized with the Yoast SEO plugin v16.1.1 - https:\/\/yoast.com\/wordpress\/plugins\/seo\/ -->\n<title>Diary &bull; Objectora Set Design &amp; Objects<\/title>\n<link rel=\"canonical\" href=\"https:\/\/www.objectora.sk\/?page_id=870\" \/>\n<meta property=\"og:locale\" content=\"sk_SK\" \/>\n<meta property=\"og:type\" content=\"article\" \/>\n<meta property=\"og:title\" content=\"Diary &bull; Objectora Set Design &amp; Objects\" \/>\n<meta property=\"og:description\" content=\"In this section you will find all the current information about upcoming exhibitions, workshops or the creative process Skryt\u00e9 formy exhibition Making of Skryt\u00e9 formy Making of Skryt\u00e9 formy torso. exhibition Making of torso. part 3. proces Atelier Objectora on BADW 2020 Making of torso. part 2. skice a n\u00e1vrhy Workshop Making of torso. part ... Read moreDiary\" \/>\n<meta property=\"og:url\" content=\"https:\/\/www.objectora.sk\/?page_id=870\" \/>\n<meta property=\"og:site_name\" content=\"Objectora Set Design &amp; Objects\" \/>\n<meta property=\"article:publisher\" content=\"https:\/\/www.facebook.com\/atelierobjectora\/\" \/>\n<meta property=\"article:modified_time\" content=\"2026-02-24T23:09:36+00:00\" \/>\n<meta property=\"og:image\" content=\"https:\/\/www.objectora.sk\/wp-content\/uploads\/2022\/07\/skryte-formy-digitalny-plagat-1-724x1024.jpg\" \/>\n<meta name=\"twitter:card\" content=\"summary_large_image\" \/>\n<meta name=\"twitter:label1\" content=\"Predpokladan\u00fd \u010das \u010d\u00edtania\">\n\t<meta name=\"twitter:data1\" content=\"3 min\u00faty\">\n<script type=\"application\/ld+json\" class=\"yoast-schema-graph\">{\"@context\":\"https:\/\/schema.org\",\"@graph\":[{\"@type\":\"Organization\",\"@id\":\"https:\/\/www.objectora.sk\/#organization\",\"name\":\"atelier objectora\",\"url\":\"https:\/\/www.objectora.sk\/\",\"sameAs\":[\"https:\/\/www.facebook.com\/atelierobjectora\/\",\"https:\/\/www.instagram.com\/atelierobjectora\/\"],\"logo\":{\"@type\":\"ImageObject\",\"@id\":\"https:\/\/www.objectora.sk\/#logo\",\"inLanguage\":\"sk-SK\",\"url\":\"https:\/\/www.objectora.sk\/wp-content\/uploads\/2019\/11\/objectora-logo-e1576514487553.png\",\"contentUrl\":\"https:\/\/www.objectora.sk\/wp-content\/uploads\/2019\/11\/objectora-logo-e1576514487553.png\",\"width\":1280,\"height\":905,\"caption\":\"atelier objectora\"},\"image\":{\"@id\":\"https:\/\/www.objectora.sk\/#logo\"}},{\"@type\":\"WebSite\",\"@id\":\"https:\/\/www.objectora.sk\/#website\",\"url\":\"https:\/\/www.objectora.sk\/\",\"name\":\"Atelier Objectora\",\"description\":\"A portfolio of handcrafted set design, props &amp; visual storytelling.\",\"publisher\":{\"@id\":\"https:\/\/www.objectora.sk\/#organization\"},\"potentialAction\":[{\"@type\":\"SearchAction\",\"target\":\"https:\/\/www.objectora.sk\/?s={search_term_string}\",\"query-input\":\"required name=search_term_string\"}],\"inLanguage\":\"sk-SK\"},{\"@type\":\"ImageObject\",\"@id\":\"https:\/\/www.objectora.sk\/?page_id=870#primaryimage\",\"inLanguage\":\"sk-SK\",\"url\":\"https:\/\/www.objectora.sk\/wp-content\/uploads\/2022\/07\/skryte-formy-digitalny-plagat-1.jpg\",\"contentUrl\":\"https:\/\/www.objectora.sk\/wp-content\/uploads\/2022\/07\/skryte-formy-digitalny-plagat-1.jpg\",\"width\":1587,\"height\":2245},{\"@type\":\"WebPage\",\"@id\":\"https:\/\/www.objectora.sk\/?page_id=870#webpage\",\"url\":\"https:\/\/www.objectora.sk\/?page_id=870\",\"name\":\"Diary &bull; Objectora Set Design &amp; Objects\",\"isPartOf\":{\"@id\":\"https:\/\/www.objectora.sk\/#website\"},\"primaryImageOfPage\":{\"@id\":\"https:\/\/www.objectora.sk\/?page_id=870#primaryimage\"},\"datePublished\":\"2021-04-07T17:00:35+00:00\",\"dateModified\":\"2026-02-24T23:09:36+00:00\",\"breadcrumb\":{\"@id\":\"https:\/\/www.objectora.sk\/?page_id=870#breadcrumb\"},\"inLanguage\":\"sk-SK\",\"potentialAction\":[{\"@type\":\"ReadAction\",\"target\":[\"https:\/\/www.objectora.sk\/?page_id=870\"]}]},{\"@type\":\"BreadcrumbList\",\"@id\":\"https:\/\/www.objectora.sk\/?page_id=870#breadcrumb\",\"itemListElement\":[{\"@type\":\"ListItem\",\"position\":1,\"item\":{\"@type\":\"WebPage\",\"@id\":\"https:\/\/www.objectora.sk\/\",\"url\":\"https:\/\/www.objectora.sk\/\",\"name\":\"Home\"}},{\"@type\":\"ListItem\",\"position\":2,\"item\":{\"@type\":\"WebPage\",\"@id\":\"https:\/\/www.objectora.sk\/?page_id=870\",\"url\":\"https:\/\/www.objectora.sk\/?page_id=870\",\"name\":\"Diary\"}}]}]}<\/script>\n<!-- \/ Yoast SEO plugin. -->","_links":{"self":[{"href":"https:\/\/www.objectora.sk\/index.php?rest_route=\/wp\/v2\/pages\/870"}],"collection":[{"href":"https:\/\/www.objectora.sk\/index.php?rest_route=\/wp\/v2\/pages"}],"about":[{"href":"https:\/\/www.objectora.sk\/index.php?rest_route=\/wp\/v2\/types\/page"}],"author":[{"embeddable":true,"href":"https:\/\/www.objectora.sk\/index.php?rest_route=\/wp\/v2\/users\/1"}],"replies":[{"embeddable":true,"href":"https:\/\/www.objectora.sk\/index.php?rest_route=%2Fwp%2Fv2%2Fcomments&post=870"}],"version-history":[{"count":6,"href":"https:\/\/www.objectora.sk\/index.php?rest_route=\/wp\/v2\/pages\/870\/revisions"}],"predecessor-version":[{"id":1458,"href":"https:\/\/www.objectora.sk\/index.php?rest_route=\/wp\/v2\/pages\/870\/revisions\/1458"}],"wp:attachment":[{"href":"https:\/\/www.objectora.sk\/index.php?rest_route=%2Fwp%2Fv2%2Fmedia&parent=870"}],"curies":[{"name":"wp","href":"https:\/\/api.w.org\/{rel}","templated":true}]}}