{"id":881,"date":"2021-04-07T19:06:32","date_gmt":"2021-04-07T17:06:32","guid":{"rendered":"https:\/\/www.objectora.sk\/?page_id=881"},"modified":"2021-04-07T19:06:32","modified_gmt":"2021-04-07T17:06:32","slug":"workshop","status":"publish","type":"page","link":"https:\/\/www.objectora.sk\/?page_id=881","title":{"rendered":"Workshop"},"content":{"rendered":"\n<h2>KREAT\u00cdVNY WORKSHOP vPriestore<\/h2>\n\n\n\n<figure class=\"wp-block-image size-large\"><img loading=\"lazy\" width=\"1024\" height=\"678\" src=\"https:\/\/www.objectora.sk\/wp-content\/uploads\/2021\/04\/ilustracna-1024x678.jpg\" alt=\"\" class=\"wp-image-882\" srcset=\"https:\/\/www.objectora.sk\/wp-content\/uploads\/2021\/04\/ilustracna-1024x678.jpg 1024w, https:\/\/www.objectora.sk\/wp-content\/uploads\/2021\/04\/ilustracna-300x199.jpg 300w, https:\/\/www.objectora.sk\/wp-content\/uploads\/2021\/04\/ilustracna-768x509.jpg 768w, https:\/\/www.objectora.sk\/wp-content\/uploads\/2021\/04\/ilustracna-1536x1017.jpg 1536w, https:\/\/www.objectora.sk\/wp-content\/uploads\/2021\/04\/ilustracna-2048x1356.jpg 2048w\" sizes=\"(max-width: 1024px) 100vw, 1024px\" \/><\/figure>\n\n\n\n<h3>REZB\u00c1RSTVO PRE NEREZB\u00c1ROV<\/h3>\n\n\n\n<h4><strong>ru\u010dn\u00e1 v\u00fdroba misky \/ ly\u017eice<\/strong><\/h4>\n\n\n\n<h4>Sobota \u2013 14.novembra&nbsp; 2020 o 15.00 \u2013 20.00h<\/h4>\n\n\n\n<p>LEKTORKA -Mya Javorkova z Atelieru Objectora<\/p>\n\n\n\n<p>Tento workshop drevorezby je ur\u010den\u00fd pre za\u010diato\u010dn\u00edkov, pre v\u0161etk\u00fdch, ktor\u00ed e\u0161te nemaj\u00fa \u017eiadne<br>sk\u00fasenosti s technikou drevorezby a chceli by sa s \u0148ou zozn\u00e1mi\u0165,<br>nadobudn\u00fa\u0165 z\u00e1kladn\u00e9 zru\u010dnosti v tejto technike a hlavne vyrobi\u0165 nie\u010do<br>vlastn\u00fdmi rukami.<br>Kurz je zameran\u00fd na v\u00fdrobu jednoduch\u00fdch \u00fa\u017eitkov\u00fdch v\u00fdrobkov, ly\u017eice a<br>men\u0161ej misky z m\u00e4kk\u00e9ho lipov\u00e9ho dreva. Na kurze v\u00e1s prevedieme cel\u00fdm<br>postupom v\u00fdroby a z\u00e1rove\u0148 sa dozviete sa aj nie\u010do z te\u00f3rie, povieme si o<br>r\u00f4znych druhoch dreva a n\u00e1strojoch, s ktor\u00fdmi budeme pracova\u0165. \u010eal\u0161\u00edm<br>krokom bude n\u00e1vrh dizajnu v\u00e1\u0161ho v\u00fdrobku , v ktorom sa fant\u00e1zii medze<br>naozaj neklad\u00fa a samotn\u00fa rezbu a\u017e po kone\u010dn\u00e9 \u00fapravy, \u0161mirg\u013eovanie a<br>povrchov\u00fa \u00fapravu v\u00fdrobku.<br><br>Na kurze si nielen odd\u00fdchnete, ale z\u00e1rove\u0148 vytvor\u00edte vlastn\u00fdmi rukami<br>nie\u010do, \u010do m\u00f4\u017eete roky vyu\u017e\u00edva\u0165 vo vlastnej dom\u00e1cnosti.<br><br>V\u0161etky n\u00e1stroje, pom\u00f4cky a polotovary, s ktor\u00fdmi budeme pracova\u0165 s\u00fa<br>zahrnut\u00e9 v cene kurzu. Kurz je vhodn\u00fd pre dospel\u00fdch od 18 rokov.<br><br>Trvanie workshopu 5 hod\u00edn, cena workshopu je 60 \u20ac \/osoba.<\/p>\n\n\n\n<p>term\u00edn si m\u00f4\u017eete rezervova\u0165 na webe <a href=\"https:\/\/vpriestore.com\/2020\/09\/01\/rezbarstvo-pre-nerezbarov\/\" target=\"_blank\" rel=\"noreferrer noopener\">vPRIESTORe<\/a><\/p>\n","protected":false},"excerpt":{"rendered":"<p>KREAT\u00cdVNY WORKSHOP vPriestore REZB\u00c1RSTVO PRE NEREZB\u00c1ROV ru\u010dn\u00e1 v\u00fdroba misky \/ ly\u017eice Sobota \u2013 14.novembra&nbsp; 2020 o 15.00 \u2013 20.00h LEKTORKA -Mya Javorkova z Atelieru Objectora Tento workshop drevorezby je ur\u010den\u00fd pre za\u010diato\u010dn\u00edkov, pre v\u0161etk\u00fdch, ktor\u00ed e\u0161te nemaj\u00fa \u017eiadnesk\u00fasenosti s technikou drevorezby a chceli by sa s \u0148ou zozn\u00e1mi\u0165,nadobudn\u00fa\u0165 z\u00e1kladn\u00e9 zru\u010dnosti v tejto technike a hlavne &#8230; <a title=\"Workshop\" class=\"read-more\" href=\"https:\/\/www.objectora.sk\/?page_id=881\">Read more<span class=\"screen-reader-text\">Workshop<\/span><\/a><\/p>\n","protected":false},"author":1,"featured_media":0,"parent":0,"menu_order":0,"comment_status":"closed","ping_status":"closed","template":"","meta":{"_monsterinsights_skip_tracking":false,"_monsterinsights_sitenote_active":false,"_monsterinsights_sitenote_note":"","_monsterinsights_sitenote_category":0},"yoast_head":"<!-- This site is optimized with the Yoast SEO plugin v16.1.1 - https:\/\/yoast.com\/wordpress\/plugins\/seo\/ -->\n<title>Workshop &bull; Objectora Set Design &amp; Objects<\/title>\n<link rel=\"canonical\" href=\"https:\/\/www.objectora.sk\/?page_id=881\" \/>\n<meta property=\"og:locale\" content=\"sk_SK\" \/>\n<meta property=\"og:type\" content=\"article\" \/>\n<meta property=\"og:title\" content=\"Workshop &bull; Objectora Set Design &amp; Objects\" \/>\n<meta property=\"og:description\" content=\"KREAT\u00cdVNY WORKSHOP vPriestore REZB\u00c1RSTVO PRE NEREZB\u00c1ROV ru\u010dn\u00e1 v\u00fdroba misky \/ ly\u017eice Sobota \u2013 14.novembra&nbsp; 2020 o 15.00 \u2013 20.00h LEKTORKA -Mya Javorkova z Atelieru Objectora Tento workshop drevorezby je ur\u010den\u00fd pre za\u010diato\u010dn\u00edkov, pre v\u0161etk\u00fdch, ktor\u00ed e\u0161te nemaj\u00fa \u017eiadnesk\u00fasenosti s technikou drevorezby a chceli by sa s \u0148ou zozn\u00e1mi\u0165,nadobudn\u00fa\u0165 z\u00e1kladn\u00e9 zru\u010dnosti v tejto technike a hlavne ... Read moreWorkshop\" \/>\n<meta property=\"og:url\" content=\"https:\/\/www.objectora.sk\/?page_id=881\" \/>\n<meta property=\"og:site_name\" content=\"Objectora Set Design &amp; Objects\" \/>\n<meta property=\"article:publisher\" content=\"https:\/\/www.facebook.com\/atelierobjectora\/\" \/>\n<meta property=\"og:image\" content=\"https:\/\/www.objectora.sk\/wp-content\/uploads\/2021\/04\/ilustracna-1024x678.jpg\" \/>\n<meta name=\"twitter:card\" content=\"summary_large_image\" \/>\n<meta name=\"twitter:label1\" content=\"Predpokladan\u00fd \u010das \u010d\u00edtania\">\n\t<meta name=\"twitter:data1\" content=\"1 min\u00fata\">\n<script type=\"application\/ld+json\" class=\"yoast-schema-graph\">{\"@context\":\"https:\/\/schema.org\",\"@graph\":[{\"@type\":\"Organization\",\"@id\":\"https:\/\/www.objectora.sk\/#organization\",\"name\":\"atelier objectora\",\"url\":\"https:\/\/www.objectora.sk\/\",\"sameAs\":[\"https:\/\/www.facebook.com\/atelierobjectora\/\",\"https:\/\/www.instagram.com\/atelierobjectora\/\"],\"logo\":{\"@type\":\"ImageObject\",\"@id\":\"https:\/\/www.objectora.sk\/#logo\",\"inLanguage\":\"sk-SK\",\"url\":\"https:\/\/www.objectora.sk\/wp-content\/uploads\/2019\/11\/objectora-logo-e1576514487553.png\",\"contentUrl\":\"https:\/\/www.objectora.sk\/wp-content\/uploads\/2019\/11\/objectora-logo-e1576514487553.png\",\"width\":1280,\"height\":905,\"caption\":\"atelier objectora\"},\"image\":{\"@id\":\"https:\/\/www.objectora.sk\/#logo\"}},{\"@type\":\"WebSite\",\"@id\":\"https:\/\/www.objectora.sk\/#website\",\"url\":\"https:\/\/www.objectora.sk\/\",\"name\":\"Atelier Objectora\",\"description\":\"A portfolio of handcrafted set design, props &amp; visual storytelling.\",\"publisher\":{\"@id\":\"https:\/\/www.objectora.sk\/#organization\"},\"potentialAction\":[{\"@type\":\"SearchAction\",\"target\":\"https:\/\/www.objectora.sk\/?s={search_term_string}\",\"query-input\":\"required name=search_term_string\"}],\"inLanguage\":\"sk-SK\"},{\"@type\":\"ImageObject\",\"@id\":\"https:\/\/www.objectora.sk\/?page_id=881#primaryimage\",\"inLanguage\":\"sk-SK\",\"url\":\"https:\/\/www.objectora.sk\/wp-content\/uploads\/2021\/04\/ilustracna-1024x678.jpg\",\"contentUrl\":\"https:\/\/www.objectora.sk\/wp-content\/uploads\/2021\/04\/ilustracna-1024x678.jpg\"},{\"@type\":\"WebPage\",\"@id\":\"https:\/\/www.objectora.sk\/?page_id=881#webpage\",\"url\":\"https:\/\/www.objectora.sk\/?page_id=881\",\"name\":\"Workshop &bull; Objectora Set Design &amp; Objects\",\"isPartOf\":{\"@id\":\"https:\/\/www.objectora.sk\/#website\"},\"primaryImageOfPage\":{\"@id\":\"https:\/\/www.objectora.sk\/?page_id=881#primaryimage\"},\"datePublished\":\"2021-04-07T17:06:32+00:00\",\"dateModified\":\"2021-04-07T17:06:32+00:00\",\"breadcrumb\":{\"@id\":\"https:\/\/www.objectora.sk\/?page_id=881#breadcrumb\"},\"inLanguage\":\"sk-SK\",\"potentialAction\":[{\"@type\":\"ReadAction\",\"target\":[\"https:\/\/www.objectora.sk\/?page_id=881\"]}]},{\"@type\":\"BreadcrumbList\",\"@id\":\"https:\/\/www.objectora.sk\/?page_id=881#breadcrumb\",\"itemListElement\":[{\"@type\":\"ListItem\",\"position\":1,\"item\":{\"@type\":\"WebPage\",\"@id\":\"https:\/\/www.objectora.sk\/\",\"url\":\"https:\/\/www.objectora.sk\/\",\"name\":\"Home\"}},{\"@type\":\"ListItem\",\"position\":2,\"item\":{\"@type\":\"WebPage\",\"@id\":\"https:\/\/www.objectora.sk\/?page_id=881\",\"url\":\"https:\/\/www.objectora.sk\/?page_id=881\",\"name\":\"Workshop\"}}]}]}<\/script>\n<!-- \/ Yoast SEO plugin. -->","_links":{"self":[{"href":"https:\/\/www.objectora.sk\/index.php?rest_route=\/wp\/v2\/pages\/881"}],"collection":[{"href":"https:\/\/www.objectora.sk\/index.php?rest_route=\/wp\/v2\/pages"}],"about":[{"href":"https:\/\/www.objectora.sk\/index.php?rest_route=\/wp\/v2\/types\/page"}],"author":[{"embeddable":true,"href":"https:\/\/www.objectora.sk\/index.php?rest_route=\/wp\/v2\/users\/1"}],"replies":[{"embeddable":true,"href":"https:\/\/www.objectora.sk\/index.php?rest_route=%2Fwp%2Fv2%2Fcomments&post=881"}],"version-history":[{"count":1,"href":"https:\/\/www.objectora.sk\/index.php?rest_route=\/wp\/v2\/pages\/881\/revisions"}],"predecessor-version":[{"id":883,"href":"https:\/\/www.objectora.sk\/index.php?rest_route=\/wp\/v2\/pages\/881\/revisions\/883"}],"wp:attachment":[{"href":"https:\/\/www.objectora.sk\/index.php?rest_route=%2Fwp%2Fv2%2Fmedia&parent=881"}],"curies":[{"name":"wp","href":"https:\/\/api.w.org\/{rel}","templated":true}]}}