{"id":890,"date":"2021-04-07T19:14:17","date_gmt":"2021-04-07T17:14:17","guid":{"rendered":"https:\/\/www.objectora.sk\/?page_id=890"},"modified":"2021-04-07T19:14:18","modified_gmt":"2021-04-07T17:14:18","slug":"badw-2020","status":"publish","type":"page","link":"https:\/\/www.objectora.sk\/?page_id=890","title":{"rendered":"BADW 2020"},"content":{"rendered":"\n<p>V term\u00ednoch 4. &#8211; 7. december 2020 si m\u00f4\u017eete pozrie\u0165 tvorbu Atelier Objectora. V r\u00e1mci podujatia Bratislava design week 2020, n\u00e1jdete nieko\u013eko objektov zo s\u00e9rie Haptic v sekcii open call v Zoya gallery na Vent\u00farskej ulici. Viac info a program na webe <a rel=\"noreferrer noopener\" href=\"https:\/\/www.bratislavadesignweek.sk\/objectora\/\" target=\"_blank\">BADW<\/a><\/p>\n\n\n\n<figure class=\"wp-block-image size-large\"><img loading=\"lazy\" width=\"1024\" height=\"678\" src=\"https:\/\/www.objectora.sk\/wp-content\/uploads\/2021\/04\/DSC_0152-1024x678.jpg\" alt=\"\" class=\"wp-image-891\" srcset=\"https:\/\/www.objectora.sk\/wp-content\/uploads\/2021\/04\/DSC_0152-1024x678.jpg 1024w, https:\/\/www.objectora.sk\/wp-content\/uploads\/2021\/04\/DSC_0152-300x199.jpg 300w, https:\/\/www.objectora.sk\/wp-content\/uploads\/2021\/04\/DSC_0152-768x509.jpg 768w, https:\/\/www.objectora.sk\/wp-content\/uploads\/2021\/04\/DSC_0152-1536x1017.jpg 1536w, https:\/\/www.objectora.sk\/wp-content\/uploads\/2021\/04\/DSC_0152-2048x1356.jpg 2048w\" sizes=\"(max-width: 1024px) 100vw, 1024px\" \/><\/figure>\n","protected":false},"excerpt":{"rendered":"<p>V term\u00ednoch 4. &#8211; 7. december 2020 si m\u00f4\u017eete pozrie\u0165 tvorbu Atelier Objectora. V r\u00e1mci podujatia Bratislava design week 2020, n\u00e1jdete nieko\u013eko objektov zo s\u00e9rie Haptic v sekcii open call v Zoya gallery na Vent\u00farskej ulici. Viac info a program na webe BADW<\/p>\n","protected":false},"author":1,"featured_media":0,"parent":0,"menu_order":0,"comment_status":"closed","ping_status":"closed","template":"","meta":{"_monsterinsights_skip_tracking":false,"_monsterinsights_sitenote_active":false,"_monsterinsights_sitenote_note":"","_monsterinsights_sitenote_category":0},"yoast_head":"<!-- This site is optimized with the Yoast SEO plugin v16.1.1 - https:\/\/yoast.com\/wordpress\/plugins\/seo\/ -->\n<title>BADW 2020 &bull; Objectora Set Design &amp; Objects<\/title>\n<link rel=\"canonical\" href=\"https:\/\/www.objectora.sk\/?page_id=890\" \/>\n<meta property=\"og:locale\" content=\"sk_SK\" \/>\n<meta property=\"og:type\" content=\"article\" \/>\n<meta property=\"og:title\" content=\"BADW 2020 &bull; Objectora Set Design &amp; Objects\" \/>\n<meta property=\"og:description\" content=\"V term\u00ednoch 4. &#8211; 7. december 2020 si m\u00f4\u017eete pozrie\u0165 tvorbu Atelier Objectora. V r\u00e1mci podujatia Bratislava design week 2020, n\u00e1jdete nieko\u013eko objektov zo s\u00e9rie Haptic v sekcii open call v Zoya gallery na Vent\u00farskej ulici. Viac info a program na webe BADW\" \/>\n<meta property=\"og:url\" content=\"https:\/\/www.objectora.sk\/?page_id=890\" \/>\n<meta property=\"og:site_name\" content=\"Objectora Set Design &amp; Objects\" \/>\n<meta property=\"article:publisher\" content=\"https:\/\/www.facebook.com\/atelierobjectora\/\" \/>\n<meta property=\"article:modified_time\" content=\"2021-04-07T17:14:18+00:00\" \/>\n<meta property=\"og:image\" content=\"https:\/\/www.objectora.sk\/wp-content\/uploads\/2021\/04\/DSC_0152-1024x678.jpg\" \/>\n<meta name=\"twitter:card\" content=\"summary_large_image\" \/>\n<script type=\"application\/ld+json\" class=\"yoast-schema-graph\">{\"@context\":\"https:\/\/schema.org\",\"@graph\":[{\"@type\":\"Organization\",\"@id\":\"https:\/\/www.objectora.sk\/#organization\",\"name\":\"atelier objectora\",\"url\":\"https:\/\/www.objectora.sk\/\",\"sameAs\":[\"https:\/\/www.facebook.com\/atelierobjectora\/\",\"https:\/\/www.instagram.com\/atelierobjectora\/\"],\"logo\":{\"@type\":\"ImageObject\",\"@id\":\"https:\/\/www.objectora.sk\/#logo\",\"inLanguage\":\"sk-SK\",\"url\":\"https:\/\/www.objectora.sk\/wp-content\/uploads\/2019\/11\/objectora-logo-e1576514487553.png\",\"contentUrl\":\"https:\/\/www.objectora.sk\/wp-content\/uploads\/2019\/11\/objectora-logo-e1576514487553.png\",\"width\":1280,\"height\":905,\"caption\":\"atelier objectora\"},\"image\":{\"@id\":\"https:\/\/www.objectora.sk\/#logo\"}},{\"@type\":\"WebSite\",\"@id\":\"https:\/\/www.objectora.sk\/#website\",\"url\":\"https:\/\/www.objectora.sk\/\",\"name\":\"Atelier Objectora\",\"description\":\"A portfolio of handcrafted set design, props &amp; visual storytelling.\",\"publisher\":{\"@id\":\"https:\/\/www.objectora.sk\/#organization\"},\"potentialAction\":[{\"@type\":\"SearchAction\",\"target\":\"https:\/\/www.objectora.sk\/?s={search_term_string}\",\"query-input\":\"required name=search_term_string\"}],\"inLanguage\":\"sk-SK\"},{\"@type\":\"ImageObject\",\"@id\":\"https:\/\/www.objectora.sk\/?page_id=890#primaryimage\",\"inLanguage\":\"sk-SK\",\"url\":\"https:\/\/www.objectora.sk\/wp-content\/uploads\/2021\/04\/DSC_0152-1024x678.jpg\",\"contentUrl\":\"https:\/\/www.objectora.sk\/wp-content\/uploads\/2021\/04\/DSC_0152-1024x678.jpg\"},{\"@type\":\"WebPage\",\"@id\":\"https:\/\/www.objectora.sk\/?page_id=890#webpage\",\"url\":\"https:\/\/www.objectora.sk\/?page_id=890\",\"name\":\"BADW 2020 &bull; Objectora Set Design &amp; Objects\",\"isPartOf\":{\"@id\":\"https:\/\/www.objectora.sk\/#website\"},\"primaryImageOfPage\":{\"@id\":\"https:\/\/www.objectora.sk\/?page_id=890#primaryimage\"},\"datePublished\":\"2021-04-07T17:14:17+00:00\",\"dateModified\":\"2021-04-07T17:14:18+00:00\",\"breadcrumb\":{\"@id\":\"https:\/\/www.objectora.sk\/?page_id=890#breadcrumb\"},\"inLanguage\":\"sk-SK\",\"potentialAction\":[{\"@type\":\"ReadAction\",\"target\":[\"https:\/\/www.objectora.sk\/?page_id=890\"]}]},{\"@type\":\"BreadcrumbList\",\"@id\":\"https:\/\/www.objectora.sk\/?page_id=890#breadcrumb\",\"itemListElement\":[{\"@type\":\"ListItem\",\"position\":1,\"item\":{\"@type\":\"WebPage\",\"@id\":\"https:\/\/www.objectora.sk\/\",\"url\":\"https:\/\/www.objectora.sk\/\",\"name\":\"Home\"}},{\"@type\":\"ListItem\",\"position\":2,\"item\":{\"@type\":\"WebPage\",\"@id\":\"https:\/\/www.objectora.sk\/?page_id=890\",\"url\":\"https:\/\/www.objectora.sk\/?page_id=890\",\"name\":\"BADW 2020\"}}]}]}<\/script>\n<!-- \/ Yoast SEO plugin. -->","_links":{"self":[{"href":"https:\/\/www.objectora.sk\/index.php?rest_route=\/wp\/v2\/pages\/890"}],"collection":[{"href":"https:\/\/www.objectora.sk\/index.php?rest_route=\/wp\/v2\/pages"}],"about":[{"href":"https:\/\/www.objectora.sk\/index.php?rest_route=\/wp\/v2\/types\/page"}],"author":[{"embeddable":true,"href":"https:\/\/www.objectora.sk\/index.php?rest_route=\/wp\/v2\/users\/1"}],"replies":[{"embeddable":true,"href":"https:\/\/www.objectora.sk\/index.php?rest_route=%2Fwp%2Fv2%2Fcomments&post=890"}],"version-history":[{"count":1,"href":"https:\/\/www.objectora.sk\/index.php?rest_route=\/wp\/v2\/pages\/890\/revisions"}],"predecessor-version":[{"id":893,"href":"https:\/\/www.objectora.sk\/index.php?rest_route=\/wp\/v2\/pages\/890\/revisions\/893"}],"wp:attachment":[{"href":"https:\/\/www.objectora.sk\/index.php?rest_route=%2Fwp%2Fv2%2Fmedia&parent=890"}],"curies":[{"name":"wp","href":"https:\/\/api.w.org\/{rel}","templated":true}]}}