{"id":927,"date":"2021-04-14T13:26:17","date_gmt":"2021-04-14T11:26:17","guid":{"rendered":"https:\/\/www.objectora.sk\/?page_id=927"},"modified":"2021-04-14T13:26:18","modified_gmt":"2021-04-14T11:26:18","slug":"making-of-torso-2-2","status":"publish","type":"page","link":"https:\/\/www.objectora.sk\/?page_id=927","title":{"rendered":"Making of torso. 2"},"content":{"rendered":"\n<h4>part 2.: skice a n\u00e1vrhy<\/h4>\n\n\n\n<p>Projekt&nbsp;<strong><em>torso.<\/em><\/strong>&nbsp;Myi Javorkovej, je autorskou kolekciou solit\u00e9rnych \u00fa\u017eitkov\u00fdch predmetov z dreva v kombin\u00e1cii s kovom a keramikou, ktor\u00e9 s\u00fa nosite\u013emi osobn\u00fdch pr\u00edbehov desiatich re\u00e1lnych \u017eien. V ka\u017edom z t\u00fdchto objektov, sa sp\u00e1ja my\u0161lienka ne\u00faplnej sochy a nedokon\u010den\u00e9ho pr\u00edbehu. Objekt je v\u017edy je venovan\u00fd jednej osobe, \u017eene. Je jej portr\u00e9tom, spove\u010fou, \u010di nosite\u013eom jej pr\u00edbehu.<\/p>\n\n\n\n<p>Toto je v\u00fdber procesu skicovania a fin\u00e1lne n\u00e1vrhy objektov.<\/p>\n\n\n\n<figure class=\"wp-block-gallery columns-1 is-cropped\"><ul class=\"blocks-gallery-grid\"><li class=\"blocks-gallery-item\"><figure><img loading=\"lazy\" width=\"2000\" height=\"1414\" src=\"https:\/\/www.objectora.sk\/wp-content\/uploads\/2021\/04\/16a.jpg\" alt=\"\" data-id=\"928\" data-link=\"https:\/\/www.objectora.sk\/?attachment_id=928#main\" class=\"wp-image-928\" srcset=\"https:\/\/www.objectora.sk\/wp-content\/uploads\/2021\/04\/16a.jpg 2000w, https:\/\/www.objectora.sk\/wp-content\/uploads\/2021\/04\/16a-300x212.jpg 300w, https:\/\/www.objectora.sk\/wp-content\/uploads\/2021\/04\/16a-1024x724.jpg 1024w, https:\/\/www.objectora.sk\/wp-content\/uploads\/2021\/04\/16a-768x543.jpg 768w, https:\/\/www.objectora.sk\/wp-content\/uploads\/2021\/04\/16a-1536x1086.jpg 1536w\" sizes=\"(max-width: 2000px) 100vw, 2000px\" \/><\/figure><\/li><li class=\"blocks-gallery-item\"><figure><img loading=\"lazy\" width=\"2000\" height=\"1414\" src=\"https:\/\/www.objectora.sk\/wp-content\/uploads\/2021\/04\/17a.jpg\" alt=\"\" data-id=\"929\" data-link=\"https:\/\/www.objectora.sk\/?attachment_id=929#main\" class=\"wp-image-929\" srcset=\"https:\/\/www.objectora.sk\/wp-content\/uploads\/2021\/04\/17a.jpg 2000w, https:\/\/www.objectora.sk\/wp-content\/uploads\/2021\/04\/17a-300x212.jpg 300w, https:\/\/www.objectora.sk\/wp-content\/uploads\/2021\/04\/17a-1024x724.jpg 1024w, https:\/\/www.objectora.sk\/wp-content\/uploads\/2021\/04\/17a-768x543.jpg 768w, https:\/\/www.objectora.sk\/wp-content\/uploads\/2021\/04\/17a-1536x1086.jpg 1536w\" sizes=\"(max-width: 2000px) 100vw, 2000px\" \/><\/figure><\/li><li class=\"blocks-gallery-item\"><figure><img loading=\"lazy\" width=\"2000\" height=\"1414\" src=\"https:\/\/www.objectora.sk\/wp-content\/uploads\/2021\/04\/18.jpg\" alt=\"\" data-id=\"930\" data-link=\"https:\/\/www.objectora.sk\/?attachment_id=930#main\" class=\"wp-image-930\" srcset=\"https:\/\/www.objectora.sk\/wp-content\/uploads\/2021\/04\/18.jpg 2000w, https:\/\/www.objectora.sk\/wp-content\/uploads\/2021\/04\/18-300x212.jpg 300w, https:\/\/www.objectora.sk\/wp-content\/uploads\/2021\/04\/18-1024x724.jpg 1024w, https:\/\/www.objectora.sk\/wp-content\/uploads\/2021\/04\/18-768x543.jpg 768w, https:\/\/www.objectora.sk\/wp-content\/uploads\/2021\/04\/18-1536x1086.jpg 1536w\" sizes=\"(max-width: 2000px) 100vw, 2000px\" \/><\/figure><\/li><li class=\"blocks-gallery-item\"><figure><img loading=\"lazy\" width=\"2000\" height=\"1414\" src=\"https:\/\/www.objectora.sk\/wp-content\/uploads\/2021\/04\/19.jpg\" alt=\"\" data-id=\"931\" data-link=\"https:\/\/www.objectora.sk\/?attachment_id=931#main\" class=\"wp-image-931\" srcset=\"https:\/\/www.objectora.sk\/wp-content\/uploads\/2021\/04\/19.jpg 2000w, https:\/\/www.objectora.sk\/wp-content\/uploads\/2021\/04\/19-300x212.jpg 300w, https:\/\/www.objectora.sk\/wp-content\/uploads\/2021\/04\/19-1024x724.jpg 1024w, https:\/\/www.objectora.sk\/wp-content\/uploads\/2021\/04\/19-768x543.jpg 768w, https:\/\/www.objectora.sk\/wp-content\/uploads\/2021\/04\/19-1536x1086.jpg 1536w\" sizes=\"(max-width: 2000px) 100vw, 2000px\" \/><\/figure><\/li><li class=\"blocks-gallery-item\"><figure><img loading=\"lazy\" width=\"2000\" height=\"1414\" src=\"https:\/\/www.objectora.sk\/wp-content\/uploads\/2021\/04\/20.jpg\" alt=\"\" data-id=\"932\" data-link=\"https:\/\/www.objectora.sk\/?attachment_id=932#main\" class=\"wp-image-932\" srcset=\"https:\/\/www.objectora.sk\/wp-content\/uploads\/2021\/04\/20.jpg 2000w, https:\/\/www.objectora.sk\/wp-content\/uploads\/2021\/04\/20-300x212.jpg 300w, https:\/\/www.objectora.sk\/wp-content\/uploads\/2021\/04\/20-1024x724.jpg 1024w, https:\/\/www.objectora.sk\/wp-content\/uploads\/2021\/04\/20-768x543.jpg 768w, https:\/\/www.objectora.sk\/wp-content\/uploads\/2021\/04\/20-1536x1086.jpg 1536w\" sizes=\"(max-width: 2000px) 100vw, 2000px\" \/><\/figure><\/li><li class=\"blocks-gallery-item\"><figure><img loading=\"lazy\" width=\"2000\" height=\"1414\" src=\"https:\/\/www.objectora.sk\/wp-content\/uploads\/2021\/04\/21.jpg\" alt=\"\" data-id=\"933\" data-link=\"https:\/\/www.objectora.sk\/?attachment_id=933#main\" class=\"wp-image-933\" srcset=\"https:\/\/www.objectora.sk\/wp-content\/uploads\/2021\/04\/21.jpg 2000w, https:\/\/www.objectora.sk\/wp-content\/uploads\/2021\/04\/21-300x212.jpg 300w, https:\/\/www.objectora.sk\/wp-content\/uploads\/2021\/04\/21-1024x724.jpg 1024w, https:\/\/www.objectora.sk\/wp-content\/uploads\/2021\/04\/21-768x543.jpg 768w, https:\/\/www.objectora.sk\/wp-content\/uploads\/2021\/04\/21-1536x1086.jpg 1536w\" sizes=\"(max-width: 2000px) 100vw, 2000px\" \/><\/figure><\/li><li class=\"blocks-gallery-item\"><figure><img loading=\"lazy\" width=\"2000\" height=\"1414\" src=\"https:\/\/www.objectora.sk\/wp-content\/uploads\/2021\/04\/22.jpg\" alt=\"\" data-id=\"934\" data-link=\"https:\/\/www.objectora.sk\/?attachment_id=934#main\" class=\"wp-image-934\" srcset=\"https:\/\/www.objectora.sk\/wp-content\/uploads\/2021\/04\/22.jpg 2000w, https:\/\/www.objectora.sk\/wp-content\/uploads\/2021\/04\/22-300x212.jpg 300w, https:\/\/www.objectora.sk\/wp-content\/uploads\/2021\/04\/22-1024x724.jpg 1024w, https:\/\/www.objectora.sk\/wp-content\/uploads\/2021\/04\/22-768x543.jpg 768w, https:\/\/www.objectora.sk\/wp-content\/uploads\/2021\/04\/22-1536x1086.jpg 1536w\" sizes=\"(max-width: 2000px) 100vw, 2000px\" \/><\/figure><\/li><li class=\"blocks-gallery-item\"><figure><img loading=\"lazy\" width=\"2000\" height=\"1414\" src=\"https:\/\/www.objectora.sk\/wp-content\/uploads\/2021\/04\/23.jpg\" alt=\"\" data-id=\"935\" data-link=\"https:\/\/www.objectora.sk\/?attachment_id=935#main\" class=\"wp-image-935\" srcset=\"https:\/\/www.objectora.sk\/wp-content\/uploads\/2021\/04\/23.jpg 2000w, https:\/\/www.objectora.sk\/wp-content\/uploads\/2021\/04\/23-300x212.jpg 300w, https:\/\/www.objectora.sk\/wp-content\/uploads\/2021\/04\/23-1024x724.jpg 1024w, https:\/\/www.objectora.sk\/wp-content\/uploads\/2021\/04\/23-768x543.jpg 768w, https:\/\/www.objectora.sk\/wp-content\/uploads\/2021\/04\/23-1536x1086.jpg 1536w\" sizes=\"(max-width: 2000px) 100vw, 2000px\" \/><\/figure><\/li><li class=\"blocks-gallery-item\"><figure><img loading=\"lazy\" width=\"2000\" height=\"1414\" src=\"https:\/\/www.objectora.sk\/wp-content\/uploads\/2021\/04\/24.jpg\" alt=\"\" data-id=\"936\" data-link=\"https:\/\/www.objectora.sk\/?attachment_id=936#main\" class=\"wp-image-936\" srcset=\"https:\/\/www.objectora.sk\/wp-content\/uploads\/2021\/04\/24.jpg 2000w, https:\/\/www.objectora.sk\/wp-content\/uploads\/2021\/04\/24-300x212.jpg 300w, https:\/\/www.objectora.sk\/wp-content\/uploads\/2021\/04\/24-1024x724.jpg 1024w, https:\/\/www.objectora.sk\/wp-content\/uploads\/2021\/04\/24-768x543.jpg 768w, https:\/\/www.objectora.sk\/wp-content\/uploads\/2021\/04\/24-1536x1086.jpg 1536w\" sizes=\"(max-width: 2000px) 100vw, 2000px\" \/><\/figure><\/li><li class=\"blocks-gallery-item\"><figure><img loading=\"lazy\" width=\"2000\" height=\"1414\" src=\"https:\/\/www.objectora.sk\/wp-content\/uploads\/2021\/04\/25.jpg\" alt=\"\" data-id=\"937\" data-link=\"https:\/\/www.objectora.sk\/?attachment_id=937#main\" class=\"wp-image-937\" srcset=\"https:\/\/www.objectora.sk\/wp-content\/uploads\/2021\/04\/25.jpg 2000w, https:\/\/www.objectora.sk\/wp-content\/uploads\/2021\/04\/25-300x212.jpg 300w, https:\/\/www.objectora.sk\/wp-content\/uploads\/2021\/04\/25-1024x724.jpg 1024w, https:\/\/www.objectora.sk\/wp-content\/uploads\/2021\/04\/25-768x543.jpg 768w, https:\/\/www.objectora.sk\/wp-content\/uploads\/2021\/04\/25-1536x1086.jpg 1536w\" sizes=\"(max-width: 2000px) 100vw, 2000px\" \/><\/figure><\/li><li class=\"blocks-gallery-item\"><figure><img loading=\"lazy\" width=\"2000\" height=\"1414\" src=\"https:\/\/www.objectora.sk\/wp-content\/uploads\/2021\/04\/27.jpg\" alt=\"\" data-id=\"939\" data-link=\"https:\/\/www.objectora.sk\/?attachment_id=939#main\" class=\"wp-image-939\" srcset=\"https:\/\/www.objectora.sk\/wp-content\/uploads\/2021\/04\/27.jpg 2000w, https:\/\/www.objectora.sk\/wp-content\/uploads\/2021\/04\/27-300x212.jpg 300w, https:\/\/www.objectora.sk\/wp-content\/uploads\/2021\/04\/27-1024x724.jpg 1024w, https:\/\/www.objectora.sk\/wp-content\/uploads\/2021\/04\/27-768x543.jpg 768w, https:\/\/www.objectora.sk\/wp-content\/uploads\/2021\/04\/27-1536x1086.jpg 1536w\" sizes=\"(max-width: 2000px) 100vw, 2000px\" \/><\/figure><\/li><li class=\"blocks-gallery-item\"><figure><img loading=\"lazy\" width=\"2000\" height=\"1414\" src=\"https:\/\/www.objectora.sk\/wp-content\/uploads\/2021\/04\/28.jpg\" alt=\"\" data-id=\"940\" data-link=\"https:\/\/www.objectora.sk\/?attachment_id=940#main\" class=\"wp-image-940\" srcset=\"https:\/\/www.objectora.sk\/wp-content\/uploads\/2021\/04\/28.jpg 2000w, https:\/\/www.objectora.sk\/wp-content\/uploads\/2021\/04\/28-300x212.jpg 300w, https:\/\/www.objectora.sk\/wp-content\/uploads\/2021\/04\/28-1024x724.jpg 1024w, https:\/\/www.objectora.sk\/wp-content\/uploads\/2021\/04\/28-768x543.jpg 768w, https:\/\/www.objectora.sk\/wp-content\/uploads\/2021\/04\/28-1536x1086.jpg 1536w\" sizes=\"(max-width: 2000px) 100vw, 2000px\" \/><\/figure><\/li><li class=\"blocks-gallery-item\"><figure><img loading=\"lazy\" width=\"2000\" height=\"1414\" src=\"https:\/\/www.objectora.sk\/wp-content\/uploads\/2021\/04\/29.jpg\" alt=\"\" data-id=\"941\" data-link=\"https:\/\/www.objectora.sk\/?attachment_id=941#main\" class=\"wp-image-941\" srcset=\"https:\/\/www.objectora.sk\/wp-content\/uploads\/2021\/04\/29.jpg 2000w, https:\/\/www.objectora.sk\/wp-content\/uploads\/2021\/04\/29-300x212.jpg 300w, https:\/\/www.objectora.sk\/wp-content\/uploads\/2021\/04\/29-1024x724.jpg 1024w, https:\/\/www.objectora.sk\/wp-content\/uploads\/2021\/04\/29-768x543.jpg 768w, https:\/\/www.objectora.sk\/wp-content\/uploads\/2021\/04\/29-1536x1086.jpg 1536w\" sizes=\"(max-width: 2000px) 100vw, 2000px\" \/><\/figure><\/li><li class=\"blocks-gallery-item\"><figure><img loading=\"lazy\" width=\"2000\" height=\"1414\" src=\"https:\/\/www.objectora.sk\/wp-content\/uploads\/2021\/04\/30.jpg\" alt=\"\" data-id=\"942\" data-link=\"https:\/\/www.objectora.sk\/?attachment_id=942#main\" class=\"wp-image-942\" srcset=\"https:\/\/www.objectora.sk\/wp-content\/uploads\/2021\/04\/30.jpg 2000w, https:\/\/www.objectora.sk\/wp-content\/uploads\/2021\/04\/30-300x212.jpg 300w, https:\/\/www.objectora.sk\/wp-content\/uploads\/2021\/04\/30-1024x724.jpg 1024w, https:\/\/www.objectora.sk\/wp-content\/uploads\/2021\/04\/30-768x543.jpg 768w, https:\/\/www.objectora.sk\/wp-content\/uploads\/2021\/04\/30-1536x1086.jpg 1536w\" sizes=\"(max-width: 2000px) 100vw, 2000px\" \/><\/figure><\/li><li class=\"blocks-gallery-item\"><figure><img loading=\"lazy\" width=\"2000\" height=\"1414\" src=\"https:\/\/www.objectora.sk\/wp-content\/uploads\/2021\/04\/torso.-stories.jpg\" alt=\"\" data-id=\"944\" data-full-url=\"https:\/\/www.objectora.sk\/wp-content\/uploads\/2021\/04\/torso.-stories.jpg\" data-link=\"https:\/\/www.objectora.sk\/?attachment_id=944#main\" class=\"wp-image-944\" srcset=\"https:\/\/www.objectora.sk\/wp-content\/uploads\/2021\/04\/torso.-stories.jpg 2000w, https:\/\/www.objectora.sk\/wp-content\/uploads\/2021\/04\/torso.-stories-300x212.jpg 300w, https:\/\/www.objectora.sk\/wp-content\/uploads\/2021\/04\/torso.-stories-1024x724.jpg 1024w, https:\/\/www.objectora.sk\/wp-content\/uploads\/2021\/04\/torso.-stories-768x543.jpg 768w, https:\/\/www.objectora.sk\/wp-content\/uploads\/2021\/04\/torso.-stories-1536x1086.jpg 1536w\" sizes=\"(max-width: 2000px) 100vw, 2000px\" \/><\/figure><\/li><\/ul><\/figure>\n\n\n\n<p>Projekt formou \u0161tipendia podporil z verejn\u00fdch zdrojov formou \u0161tipendia<strong>\u00a0<a href=\"https:\/\/www.fpu.sk\/sk\/\">Fond na podporu umenia<\/a><\/strong><\/p>\n","protected":false},"excerpt":{"rendered":"<p>part 2.: skice a n\u00e1vrhy Projekt&nbsp;torso.&nbsp;Myi Javorkovej, je autorskou kolekciou solit\u00e9rnych \u00fa\u017eitkov\u00fdch predmetov z dreva v kombin\u00e1cii s kovom a keramikou, ktor\u00e9 s\u00fa nosite\u013emi osobn\u00fdch pr\u00edbehov desiatich re\u00e1lnych \u017eien. V ka\u017edom z t\u00fdchto objektov, sa sp\u00e1ja my\u0161lienka ne\u00faplnej sochy a nedokon\u010den\u00e9ho pr\u00edbehu. Objekt je v\u017edy je venovan\u00fd jednej osobe, \u017eene. Je jej portr\u00e9tom, spove\u010fou, \u010di &#8230; <a title=\"Making of torso. 2\" class=\"read-more\" href=\"https:\/\/www.objectora.sk\/?page_id=927\">Read more<span class=\"screen-reader-text\">Making of torso. 2<\/span><\/a><\/p>\n","protected":false},"author":1,"featured_media":0,"parent":0,"menu_order":0,"comment_status":"closed","ping_status":"closed","template":"","meta":{"_monsterinsights_skip_tracking":false,"_monsterinsights_sitenote_active":false,"_monsterinsights_sitenote_note":"","_monsterinsights_sitenote_category":0},"yoast_head":"<!-- This site is optimized with the Yoast SEO plugin v16.1.1 - https:\/\/yoast.com\/wordpress\/plugins\/seo\/ -->\n<title>Making of torso. 2 &bull; Objectora Set Design &amp; Objects<\/title>\n<link rel=\"canonical\" href=\"https:\/\/www.objectora.sk\/?page_id=927\" \/>\n<meta property=\"og:locale\" content=\"sk_SK\" \/>\n<meta property=\"og:type\" content=\"article\" \/>\n<meta property=\"og:title\" content=\"Making of torso. 2 &bull; Objectora Set Design &amp; Objects\" \/>\n<meta property=\"og:description\" content=\"part 2.: skice a n\u00e1vrhy Projekt&nbsp;torso.&nbsp;Myi Javorkovej, je autorskou kolekciou solit\u00e9rnych \u00fa\u017eitkov\u00fdch predmetov z dreva v kombin\u00e1cii s kovom a keramikou, ktor\u00e9 s\u00fa nosite\u013emi osobn\u00fdch pr\u00edbehov desiatich re\u00e1lnych \u017eien. V ka\u017edom z t\u00fdchto objektov, sa sp\u00e1ja my\u0161lienka ne\u00faplnej sochy a nedokon\u010den\u00e9ho pr\u00edbehu. Objekt je v\u017edy je venovan\u00fd jednej osobe, \u017eene. Je jej portr\u00e9tom, spove\u010fou, \u010di ... Read moreMaking of torso. 2\" \/>\n<meta property=\"og:url\" content=\"https:\/\/www.objectora.sk\/?page_id=927\" \/>\n<meta property=\"og:site_name\" content=\"Objectora Set Design &amp; Objects\" \/>\n<meta property=\"article:publisher\" content=\"https:\/\/www.facebook.com\/atelierobjectora\/\" \/>\n<meta property=\"article:modified_time\" content=\"2021-04-14T11:26:18+00:00\" \/>\n<meta property=\"og:image\" content=\"https:\/\/www.objectora.sk\/wp-content\/uploads\/2021\/04\/16a.jpg\" \/>\n<meta name=\"twitter:card\" content=\"summary_large_image\" \/>\n<meta name=\"twitter:label1\" content=\"Predpokladan\u00fd \u010das \u010d\u00edtania\">\n\t<meta name=\"twitter:data1\" content=\"1 min\u00fata\">\n<script type=\"application\/ld+json\" class=\"yoast-schema-graph\">{\"@context\":\"https:\/\/schema.org\",\"@graph\":[{\"@type\":\"Organization\",\"@id\":\"https:\/\/www.objectora.sk\/#organization\",\"name\":\"atelier objectora\",\"url\":\"https:\/\/www.objectora.sk\/\",\"sameAs\":[\"https:\/\/www.facebook.com\/atelierobjectora\/\",\"https:\/\/www.instagram.com\/atelierobjectora\/\"],\"logo\":{\"@type\":\"ImageObject\",\"@id\":\"https:\/\/www.objectora.sk\/#logo\",\"inLanguage\":\"sk-SK\",\"url\":\"https:\/\/www.objectora.sk\/wp-content\/uploads\/2019\/11\/objectora-logo-e1576514487553.png\",\"contentUrl\":\"https:\/\/www.objectora.sk\/wp-content\/uploads\/2019\/11\/objectora-logo-e1576514487553.png\",\"width\":1280,\"height\":905,\"caption\":\"atelier objectora\"},\"image\":{\"@id\":\"https:\/\/www.objectora.sk\/#logo\"}},{\"@type\":\"WebSite\",\"@id\":\"https:\/\/www.objectora.sk\/#website\",\"url\":\"https:\/\/www.objectora.sk\/\",\"name\":\"Atelier Objectora\",\"description\":\"A portfolio of handcrafted set design, props &amp; visual storytelling.\",\"publisher\":{\"@id\":\"https:\/\/www.objectora.sk\/#organization\"},\"potentialAction\":[{\"@type\":\"SearchAction\",\"target\":\"https:\/\/www.objectora.sk\/?s={search_term_string}\",\"query-input\":\"required name=search_term_string\"}],\"inLanguage\":\"sk-SK\"},{\"@type\":\"ImageObject\",\"@id\":\"https:\/\/www.objectora.sk\/?page_id=927#primaryimage\",\"inLanguage\":\"sk-SK\",\"url\":\"https:\/\/www.objectora.sk\/wp-content\/uploads\/2021\/04\/16a.jpg\",\"contentUrl\":\"https:\/\/www.objectora.sk\/wp-content\/uploads\/2021\/04\/16a.jpg\",\"width\":2000,\"height\":1414},{\"@type\":\"WebPage\",\"@id\":\"https:\/\/www.objectora.sk\/?page_id=927#webpage\",\"url\":\"https:\/\/www.objectora.sk\/?page_id=927\",\"name\":\"Making of torso. 2 &bull; Objectora Set Design &amp; Objects\",\"isPartOf\":{\"@id\":\"https:\/\/www.objectora.sk\/#website\"},\"primaryImageOfPage\":{\"@id\":\"https:\/\/www.objectora.sk\/?page_id=927#primaryimage\"},\"datePublished\":\"2021-04-14T11:26:17+00:00\",\"dateModified\":\"2021-04-14T11:26:18+00:00\",\"breadcrumb\":{\"@id\":\"https:\/\/www.objectora.sk\/?page_id=927#breadcrumb\"},\"inLanguage\":\"sk-SK\",\"potentialAction\":[{\"@type\":\"ReadAction\",\"target\":[\"https:\/\/www.objectora.sk\/?page_id=927\"]}]},{\"@type\":\"BreadcrumbList\",\"@id\":\"https:\/\/www.objectora.sk\/?page_id=927#breadcrumb\",\"itemListElement\":[{\"@type\":\"ListItem\",\"position\":1,\"item\":{\"@type\":\"WebPage\",\"@id\":\"https:\/\/www.objectora.sk\/\",\"url\":\"https:\/\/www.objectora.sk\/\",\"name\":\"Home\"}},{\"@type\":\"ListItem\",\"position\":2,\"item\":{\"@type\":\"WebPage\",\"@id\":\"https:\/\/www.objectora.sk\/?page_id=927\",\"url\":\"https:\/\/www.objectora.sk\/?page_id=927\",\"name\":\"Making of torso. 2\"}}]}]}<\/script>\n<!-- \/ Yoast SEO plugin. -->","_links":{"self":[{"href":"https:\/\/www.objectora.sk\/index.php?rest_route=\/wp\/v2\/pages\/927"}],"collection":[{"href":"https:\/\/www.objectora.sk\/index.php?rest_route=\/wp\/v2\/pages"}],"about":[{"href":"https:\/\/www.objectora.sk\/index.php?rest_route=\/wp\/v2\/types\/page"}],"author":[{"embeddable":true,"href":"https:\/\/www.objectora.sk\/index.php?rest_route=\/wp\/v2\/users\/1"}],"replies":[{"embeddable":true,"href":"https:\/\/www.objectora.sk\/index.php?rest_route=%2Fwp%2Fv2%2Fcomments&post=927"}],"version-history":[{"count":2,"href":"https:\/\/www.objectora.sk\/index.php?rest_route=\/wp\/v2\/pages\/927\/revisions"}],"predecessor-version":[{"id":945,"href":"https:\/\/www.objectora.sk\/index.php?rest_route=\/wp\/v2\/pages\/927\/revisions\/945"}],"wp:attachment":[{"href":"https:\/\/www.objectora.sk\/index.php?rest_route=%2Fwp%2Fv2%2Fmedia&parent=927"}],"curies":[{"name":"wp","href":"https:\/\/api.w.org\/{rel}","templated":true}]}}